{"id":5978,"date":"2022-09-06T11:36:13","date_gmt":"2022-09-06T03:36:13","guid":{"rendered":"https:\/\/leeknives.com\/?post_type=product&#038;p=5978"},"modified":"2023-12-22T15:01:34","modified_gmt":"2023-12-22T07:01:34","slug":"schleifstein-lkwts20001-11","status":"publish","type":"product","link":"https:\/\/leeknives.com\/de\/whetstone-lkwts20001-11\/","title":{"rendered":"Doppelk\u00f6rniger Schleifstein mit Gummibasis LKWTS20001-11"},"content":{"rendered":"","protected":false},"excerpt":{"rendered":"<h3>Hauptmerkmale<\/h3>\n<ul>\n<li>Hergestellt aus wei\u00dfem Schmelzkorund und in allen K\u00f6rnungen erh\u00e4ltlich. Da es sich um einen doppelseitigen Schleifstein handelt, k\u00f6nnen Sie in einem Stein eine Polierseite mit feiner K\u00f6rnung und eine Sch\u00e4rfseite mit 1000er K\u00f6rnung kombinieren.<\/li>\n<li>Das Set enth\u00e4lt vier weitere Gadgets, die einzeln oder im Paket erh\u00e4ltlich sind. Dazu geh\u00f6ren notwendige Wartungswerkzeuge wie ein Abflachungsstein sowie eine Gummibasis, eine Winkelf\u00fchrung und ein Lederriemen.<\/li>\n<li>Der Schleifstein kann individuell an die Marke angepasst werden. Zu den Optionen geh\u00f6ren individuelle Verpackungen, Logogravuren usw.<\/li>\n<\/ul>","protected":false},"featured_media":7813,"template":"","meta":{"inline_featured_image":false},"product_brand":[],"product_cat":[89],"product_tag":[],"class_list":{"0":"post-5978","1":"product","2":"type-product","3":"status-publish","4":"has-post-thumbnail","6":"product_cat-whetstones","7":"sales-flash-overlay","8":"woocommerce-text-align-left","9":"woocommerce-image-align-center","10":"do-quantity-buttons","11":"wc-has-gallery","13":"first","14":"instock","15":"shipping-taxable","16":"product-type-simple"},"_links":{"self":[{"href":"https:\/\/leeknives.com\/de\/wp-json\/wp\/v2\/product\/5978","targetHints":{"allow":["GET"]}}],"collection":[{"href":"https:\/\/leeknives.com\/de\/wp-json\/wp\/v2\/product"}],"about":[{"href":"https:\/\/leeknives.com\/de\/wp-json\/wp\/v2\/types\/product"}],"wp:featuredmedia":[{"embeddable":true,"href":"https:\/\/leeknives.com\/de\/wp-json\/wp\/v2\/media\/7813"}],"wp:attachment":[{"href":"https:\/\/leeknives.com\/de\/wp-json\/wp\/v2\/media?parent=5978"}],"wp:term":[{"taxonomy":"product_brand","embeddable":true,"href":"https:\/\/leeknives.com\/de\/wp-json\/wp\/v2\/product_brand?post=5978"},{"taxonomy":"product_cat","embeddable":true,"href":"https:\/\/leeknives.com\/de\/wp-json\/wp\/v2\/product_cat?post=5978"},{"taxonomy":"product_tag","embeddable":true,"href":"https:\/\/leeknives.com\/de\/wp-json\/wp\/v2\/product_tag?post=5978"}],"curies":[{"name":"wp","href":"https:\/\/api.w.org\/{rel}","templated":true}]}}