{"id":5979,"date":"2022-09-06T11:40:51","date_gmt":"2022-09-06T03:40:51","guid":{"rendered":"https:\/\/leeknives.com\/?post_type=product&#038;p=5979"},"modified":"2023-12-22T15:01:11","modified_gmt":"2023-12-22T07:01:11","slug":"schleifstein-lkwts20012","status":"publish","type":"product","link":"https:\/\/leeknives.com\/de\/whetstone-lkwts20012\/","title":{"rendered":"Dual Grit Whetstone Plus Kit LKWTS20012"},"content":{"rendered":"","protected":false},"excerpt":{"rendered":"<h3>Hauptmerkmale<\/h3>\n<ul>\n<li>Ein vollwertiges professionelles Sch\u00e4rfset mit allen notwendigen Werkzeugen und mehr. Inklusive Schutzvorrichtungen und fortschrittlichen Sch\u00e4rff\u00fchrungen, Lederriemen usw.<\/li>\n<li>Das Set enth\u00e4lt zwei doppelseitige Wassersteine aus Aluminiumoxid in den K\u00f6rnungen 400, 1000, 3000 und 8000.<\/li>\n<li>Alle in diesem Set enthaltenen Werkzeuge unterst\u00fctzen unseren Private-Label-Service. Wir k\u00f6nnen Ihre Logos auf die Produkte drucken.<\/li>\n<\/ul>","protected":false},"featured_media":7817,"template":"","meta":{"inline_featured_image":false},"product_brand":[],"product_cat":[89],"product_tag":[],"class_list":{"0":"post-5979","1":"product","2":"type-product","3":"status-publish","4":"has-post-thumbnail","6":"product_cat-whetstones","7":"sales-flash-overlay","8":"woocommerce-text-align-left","9":"woocommerce-image-align-center","10":"do-quantity-buttons","11":"wc-has-gallery","13":"first","14":"instock","15":"shipping-taxable","16":"product-type-simple"},"_links":{"self":[{"href":"https:\/\/leeknives.com\/de\/wp-json\/wp\/v2\/product\/5979","targetHints":{"allow":["GET"]}}],"collection":[{"href":"https:\/\/leeknives.com\/de\/wp-json\/wp\/v2\/product"}],"about":[{"href":"https:\/\/leeknives.com\/de\/wp-json\/wp\/v2\/types\/product"}],"wp:featuredmedia":[{"embeddable":true,"href":"https:\/\/leeknives.com\/de\/wp-json\/wp\/v2\/media\/7817"}],"wp:attachment":[{"href":"https:\/\/leeknives.com\/de\/wp-json\/wp\/v2\/media?parent=5979"}],"wp:term":[{"taxonomy":"product_brand","embeddable":true,"href":"https:\/\/leeknives.com\/de\/wp-json\/wp\/v2\/product_brand?post=5979"},{"taxonomy":"product_cat","embeddable":true,"href":"https:\/\/leeknives.com\/de\/wp-json\/wp\/v2\/product_cat?post=5979"},{"taxonomy":"product_tag","embeddable":true,"href":"https:\/\/leeknives.com\/de\/wp-json\/wp\/v2\/product_tag?post=5979"}],"curies":[{"name":"wp","href":"https:\/\/api.w.org\/{rel}","templated":true}]}}