{"id":5984,"date":"2022-09-06T11:43:47","date_gmt":"2022-09-06T03:43:47","guid":{"rendered":"https:\/\/leeknives.com\/?post_type=product&#038;p=5984"},"modified":"2023-12-22T15:01:01","modified_gmt":"2023-12-22T07:01:01","slug":"schleifstein-lkwts20013-14","status":"publish","type":"product","link":"https:\/\/leeknives.com\/de\/whetstone-lkwts20013-14\/","title":{"rendered":"Doppelk\u00f6rniger Schleifstein LKWTS20013-14"},"content":{"rendered":"","protected":false},"excerpt":{"rendered":"<div class=\"woocommerce-product-details__short-description\">\n<h3>Hauptmerkmale<\/h3>\n<ul>\n<li>Hergestellt aus braun geschmolzenem Aluminiumoxid \u2013 einem gr\u00f6beren Material im Vergleich zu seinem wei\u00df geschmolzenen Gegenst\u00fcck. Der Schleifstein ist in zwei K\u00f6rnungskombinationen erh\u00e4ltlich: 120\/240 oder 180\/320.<\/li>\n<li>Zum Schleifstein ist separat ein Kunststoffsockel erh\u00e4ltlich, der als Halterung dient und den Schleifstein gegen Verrutschen sicher fixiert.<\/li>\n<li>Erh\u00e4ltlich in zwei Gr\u00f6\u00dfen: 8 Zoll f\u00fcr gro\u00df und 6 Zoll f\u00fcr klein. Lange Klingen wie Yanagiba erfordern einen gr\u00f6\u00dferen Schleifstein, w\u00e4hrend die kleine Gr\u00f6\u00dfe f\u00fcr Gebrauchsmesser oder Taschenmesser ausreicht.<\/li>\n<\/ul>\n<\/div>","protected":false},"featured_media":7820,"template":"","meta":{"inline_featured_image":false},"product_brand":[],"product_cat":[89],"product_tag":[],"class_list":{"0":"post-5984","1":"product","2":"type-product","3":"status-publish","4":"has-post-thumbnail","6":"product_cat-whetstones","7":"sales-flash-overlay","8":"woocommerce-text-align-left","9":"woocommerce-image-align-center","10":"do-quantity-buttons","11":"wc-has-gallery","13":"first","14":"instock","15":"shipping-taxable","16":"product-type-simple"},"_links":{"self":[{"href":"https:\/\/leeknives.com\/de\/wp-json\/wp\/v2\/product\/5984","targetHints":{"allow":["GET"]}}],"collection":[{"href":"https:\/\/leeknives.com\/de\/wp-json\/wp\/v2\/product"}],"about":[{"href":"https:\/\/leeknives.com\/de\/wp-json\/wp\/v2\/types\/product"}],"wp:featuredmedia":[{"embeddable":true,"href":"https:\/\/leeknives.com\/de\/wp-json\/wp\/v2\/media\/7820"}],"wp:attachment":[{"href":"https:\/\/leeknives.com\/de\/wp-json\/wp\/v2\/media?parent=5984"}],"wp:term":[{"taxonomy":"product_brand","embeddable":true,"href":"https:\/\/leeknives.com\/de\/wp-json\/wp\/v2\/product_brand?post=5984"},{"taxonomy":"product_cat","embeddable":true,"href":"https:\/\/leeknives.com\/de\/wp-json\/wp\/v2\/product_cat?post=5984"},{"taxonomy":"product_tag","embeddable":true,"href":"https:\/\/leeknives.com\/de\/wp-json\/wp\/v2\/product_tag?post=5984"}],"curies":[{"name":"wp","href":"https:\/\/api.w.org\/{rel}","templated":true}]}}