{"id":5988,"date":"2022-09-06T11:46:11","date_gmt":"2022-09-06T03:46:11","guid":{"rendered":"https:\/\/leeknives.com\/?post_type=product&#038;p=5988"},"modified":"2023-12-22T15:00:50","modified_gmt":"2023-12-22T07:00:50","slug":"schleifstein-lkwts20015-17","status":"publish","type":"product","link":"https:\/\/leeknives.com\/de\/whetstone-lkwts20015-17\/","title":{"rendered":"Schleifstein mit Einzelk\u00f6rnung und Gummibasis LKWTS20015-17"},"content":{"rendered":"","protected":false},"excerpt":{"rendered":"<h3>Hauptmerkmale<\/h3>\n<ul>\n<li>Erh\u00e4ltlich vom Standard-Sch\u00e4rfgrad bis zum Poliergrad. Sie k\u00f6nnen diesen Schleifstein in den K\u00f6rnungen 1000, 2000 oder 3000 kaufen.<\/li>\n<li>Das Muster enth\u00e4lt neben dem Schleifstein eine rutschfeste Gummiunterlage. Benutzer k\u00f6nnen den Stein auf die Unterlage setzen, um eine feste Schleifstation zu schaffen.<\/li>\n<li>Es ist ein schwerer Stein mit einem Gewicht von 2,2 Pfund. Ungef\u00e4hr 8 Zoll lang und 3 Zoll breit: Raum f\u00fcr individuelle Anpassungen, wie z. B. Logogravuren.<\/li>\n<\/ul>","protected":false},"featured_media":7823,"template":"","meta":{"inline_featured_image":false},"product_brand":[],"product_cat":[89],"product_tag":[],"class_list":{"0":"post-5988","1":"product","2":"type-product","3":"status-publish","4":"has-post-thumbnail","6":"product_cat-whetstones","7":"sales-flash-overlay","8":"woocommerce-text-align-left","9":"woocommerce-image-align-center","10":"do-quantity-buttons","11":"wc-has-gallery","13":"first","14":"instock","15":"shipping-taxable","16":"product-type-simple"},"_links":{"self":[{"href":"https:\/\/leeknives.com\/de\/wp-json\/wp\/v2\/product\/5988","targetHints":{"allow":["GET"]}}],"collection":[{"href":"https:\/\/leeknives.com\/de\/wp-json\/wp\/v2\/product"}],"about":[{"href":"https:\/\/leeknives.com\/de\/wp-json\/wp\/v2\/types\/product"}],"wp:featuredmedia":[{"embeddable":true,"href":"https:\/\/leeknives.com\/de\/wp-json\/wp\/v2\/media\/7823"}],"wp:attachment":[{"href":"https:\/\/leeknives.com\/de\/wp-json\/wp\/v2\/media?parent=5988"}],"wp:term":[{"taxonomy":"product_brand","embeddable":true,"href":"https:\/\/leeknives.com\/de\/wp-json\/wp\/v2\/product_brand?post=5988"},{"taxonomy":"product_cat","embeddable":true,"href":"https:\/\/leeknives.com\/de\/wp-json\/wp\/v2\/product_cat?post=5988"},{"taxonomy":"product_tag","embeddable":true,"href":"https:\/\/leeknives.com\/de\/wp-json\/wp\/v2\/product_tag?post=5988"}],"curies":[{"name":"wp","href":"https:\/\/api.w.org\/{rel}","templated":true}]}}