{"id":5991,"date":"2022-09-06T11:58:48","date_gmt":"2022-09-06T03:58:48","guid":{"rendered":"https:\/\/leeknives.com\/?post_type=product&#038;p=5991"},"modified":"2023-12-22T15:00:40","modified_gmt":"2023-12-22T07:00:40","slug":"schleifstein-lkwts20018-21","status":"publish","type":"product","link":"https:\/\/leeknives.com\/de\/whetstone-lkwts20018-21\/","title":{"rendered":"Diamant-Schleifstein mit Einzelk\u00f6rnung LKWTS20018-21"},"content":{"rendered":"","protected":false},"excerpt":{"rendered":"<h3>Hauptmerkmale<\/h3>\n<ul>\n<li>Diese Diamant-Schleifplatte ist in vier verschiedenen K\u00f6rnungen erh\u00e4ltlich. W\u00e4hlen Sie aus den Optionen 400, 600, 1000 und 1200, um den Anforderungen Ihrer Kunden gerecht zu werden.<\/li>\n<li>Diamantschleifsteine sind aggressiv und k\u00f6nnen stumpfe Kanten viel schneller sch\u00e4rfen. Schleifern wird empfohlen, vor der Verwendung ihre Grundkenntnisse zu erlernen und zu verfeinern.<\/li>\n<li>Wie bei den anderen in diesem Katalog aufgef\u00fchrten Schleifsteinen wird beim Schleifen von Diamantschleifsteinen standardm\u00e4\u00dfig Wasser als Schneidfl\u00fcssigkeit verwendet.<\/li>\n<\/ul>","protected":false},"featured_media":7825,"template":"","meta":{"inline_featured_image":false},"product_brand":[],"product_cat":[89],"product_tag":[],"class_list":{"0":"post-5991","1":"product","2":"type-product","3":"status-publish","4":"has-post-thumbnail","6":"product_cat-whetstones","7":"sales-flash-overlay","8":"woocommerce-text-align-left","9":"woocommerce-image-align-center","10":"do-quantity-buttons","11":"wc-has-gallery","13":"first","14":"instock","15":"shipping-taxable","16":"product-type-simple"},"_links":{"self":[{"href":"https:\/\/leeknives.com\/de\/wp-json\/wp\/v2\/product\/5991","targetHints":{"allow":["GET"]}}],"collection":[{"href":"https:\/\/leeknives.com\/de\/wp-json\/wp\/v2\/product"}],"about":[{"href":"https:\/\/leeknives.com\/de\/wp-json\/wp\/v2\/types\/product"}],"wp:featuredmedia":[{"embeddable":true,"href":"https:\/\/leeknives.com\/de\/wp-json\/wp\/v2\/media\/7825"}],"wp:attachment":[{"href":"https:\/\/leeknives.com\/de\/wp-json\/wp\/v2\/media?parent=5991"}],"wp:term":[{"taxonomy":"product_brand","embeddable":true,"href":"https:\/\/leeknives.com\/de\/wp-json\/wp\/v2\/product_brand?post=5991"},{"taxonomy":"product_cat","embeddable":true,"href":"https:\/\/leeknives.com\/de\/wp-json\/wp\/v2\/product_cat?post=5991"},{"taxonomy":"product_tag","embeddable":true,"href":"https:\/\/leeknives.com\/de\/wp-json\/wp\/v2\/product_tag?post=5991"}],"curies":[{"name":"wp","href":"https:\/\/api.w.org\/{rel}","templated":true}]}}