{"id":5995,"date":"2022-09-06T12:08:18","date_gmt":"2022-09-06T04:08:18","guid":{"rendered":"https:\/\/leeknives.com\/?post_type=product&#038;p=5995"},"modified":"2023-12-22T15:00:22","modified_gmt":"2023-12-22T07:00:22","slug":"schleifstein-lkwts20022-25","status":"publish","type":"product","link":"https:\/\/leeknives.com\/de\/whetstone-lkwts20022-25\/","title":{"rendered":"Doppelk\u00f6rniger Mehrzweck-Axt-Schleifstein LKWTS20022-25"},"content":{"rendered":"","protected":false},"excerpt":{"rendered":"<h3>Hauptmerkmale<\/h3>\n<ul>\n<li>Der dicke Mehrzweck-Schleifstein sch\u00e4rft \u00c4xte, K\u00fcchenmesser, Taschenmesser und sogar scharfe Gegenst\u00e4nde wie Tafelgeschirr.<\/li>\n<li>Doppelk\u00f6rnung bedeutet, dass der Schleifstein \u00fcber zwei Seitenfunktionen mit unterschiedlichen K\u00f6rnungsoptionen f\u00fcr unterschiedliche Sch\u00e4rfzwecke verf\u00fcgt.<\/li>\n<li>Die K\u00f6rnung wird durch das verwendete Material bestimmt: Brauner Edelkorund weist eine grobe K\u00f6rnung von 320\/600 auf, Siliziumkarbid hat eine etwas feinere K\u00f6rnung von 400\/1000 und wei\u00dfer Edelkorund bietet eine Polierk\u00f6rnung von 1000\/6000.<\/li>\n<\/ul>","protected":false},"featured_media":7828,"template":"","meta":{"inline_featured_image":false},"product_brand":[],"product_cat":[89],"product_tag":[],"class_list":{"0":"post-5995","1":"product","2":"type-product","3":"status-publish","4":"has-post-thumbnail","6":"product_cat-whetstones","7":"sales-flash-overlay","8":"woocommerce-text-align-left","9":"woocommerce-image-align-center","10":"do-quantity-buttons","11":"wc-has-gallery","13":"first","14":"instock","15":"shipping-taxable","16":"product-type-simple"},"_links":{"self":[{"href":"https:\/\/leeknives.com\/de\/wp-json\/wp\/v2\/product\/5995","targetHints":{"allow":["GET"]}}],"collection":[{"href":"https:\/\/leeknives.com\/de\/wp-json\/wp\/v2\/product"}],"about":[{"href":"https:\/\/leeknives.com\/de\/wp-json\/wp\/v2\/types\/product"}],"wp:featuredmedia":[{"embeddable":true,"href":"https:\/\/leeknives.com\/de\/wp-json\/wp\/v2\/media\/7828"}],"wp:attachment":[{"href":"https:\/\/leeknives.com\/de\/wp-json\/wp\/v2\/media?parent=5995"}],"wp:term":[{"taxonomy":"product_brand","embeddable":true,"href":"https:\/\/leeknives.com\/de\/wp-json\/wp\/v2\/product_brand?post=5995"},{"taxonomy":"product_cat","embeddable":true,"href":"https:\/\/leeknives.com\/de\/wp-json\/wp\/v2\/product_cat?post=5995"},{"taxonomy":"product_tag","embeddable":true,"href":"https:\/\/leeknives.com\/de\/wp-json\/wp\/v2\/product_tag?post=5995"}],"curies":[{"name":"wp","href":"https:\/\/api.w.org\/{rel}","templated":true}]}}