{"id":6002,"date":"2022-09-06T13:18:08","date_gmt":"2022-09-06T05:18:08","guid":{"rendered":"https:\/\/leeknives.com\/?post_type=product&#038;p=6002"},"modified":"2023-12-22T15:00:04","modified_gmt":"2023-12-22T07:00:04","slug":"abflachungsstein-lkwts20026-27","status":"publish","type":"product","link":"https:\/\/leeknives.com\/de\/flattening-stone-lkwts20026-27\/","title":{"rendered":"Abflachungsstein LKWTS20026-27"},"content":{"rendered":"","protected":false},"excerpt":{"rendered":"<h3>Hauptmerkmale<\/h3>\n<ul>\n<li>Hergestellt aus industriellem Siliziumkarbid. Der Abflachungsstein ist in zwei K\u00f6rnungen erh\u00e4ltlich, darunter 60er und 120er K\u00f6rnung.<\/li>\n<li>Dieser Abziehstein wird bei abgenutzten Schleifsteinen mit unebener Oberfl\u00e4che verwendet. Er kann nicht direkt zum Sch\u00e4rfen von Messern verwendet werden.<\/li>\n<li>Beim Abflachen eines Schleifsteins mit diesem Produkt sollte Wasser verwendet werden, um f\u00fcr Traktion zu sorgen.<\/li>\n<\/ul>","protected":false},"featured_media":7834,"template":"","meta":{"inline_featured_image":false},"product_brand":[],"product_cat":[89],"product_tag":[],"class_list":{"0":"post-6002","1":"product","2":"type-product","3":"status-publish","4":"has-post-thumbnail","6":"product_cat-whetstones","7":"sales-flash-overlay","8":"woocommerce-text-align-left","9":"woocommerce-image-align-center","10":"do-quantity-buttons","12":"first","13":"instock","14":"shipping-taxable","15":"product-type-simple"},"_links":{"self":[{"href":"https:\/\/leeknives.com\/de\/wp-json\/wp\/v2\/product\/6002","targetHints":{"allow":["GET"]}}],"collection":[{"href":"https:\/\/leeknives.com\/de\/wp-json\/wp\/v2\/product"}],"about":[{"href":"https:\/\/leeknives.com\/de\/wp-json\/wp\/v2\/types\/product"}],"wp:featuredmedia":[{"embeddable":true,"href":"https:\/\/leeknives.com\/de\/wp-json\/wp\/v2\/media\/7834"}],"wp:attachment":[{"href":"https:\/\/leeknives.com\/de\/wp-json\/wp\/v2\/media?parent=6002"}],"wp:term":[{"taxonomy":"product_brand","embeddable":true,"href":"https:\/\/leeknives.com\/de\/wp-json\/wp\/v2\/product_brand?post=6002"},{"taxonomy":"product_cat","embeddable":true,"href":"https:\/\/leeknives.com\/de\/wp-json\/wp\/v2\/product_cat?post=6002"},{"taxonomy":"product_tag","embeddable":true,"href":"https:\/\/leeknives.com\/de\/wp-json\/wp\/v2\/product_tag?post=6002"}],"curies":[{"name":"wp","href":"https:\/\/api.w.org\/{rel}","templated":true}]}}