{"id":6004,"date":"2022-09-06T13:21:16","date_gmt":"2022-09-06T05:21:16","guid":{"rendered":"https:\/\/leeknives.com\/?post_type=product&#038;p=6004"},"modified":"2023-12-22T14:59:50","modified_gmt":"2023-12-22T06:59:50","slug":"schleifstein-lkwts20028-29","status":"publish","type":"product","link":"https:\/\/leeknives.com\/de\/whetstone-lkwts20028-29\/","title":{"rendered":"Doppelk\u00f6rniger Schleifstein mit Kunststoffbasis LKWTS20028-29"},"content":{"rendered":"","protected":false},"excerpt":{"rendered":"<h3>Hauptmerkmale<\/h3>\n<ul>\n<li>Der Schleifstein hat zwei Seiten in unterschiedlich grober K\u00f6rnung. Hergestellt aus gr\u00fcnem Siliziumkarbid eignen sie sich gut zum Sch\u00e4rfen besch\u00e4digter oder sehr stumpfer Messer.<\/li>\n<li>F\u00fcr die Verwendung von Schleifsteinen ist eine Kunststoffbasis unerl\u00e4sslich, die verhindert, dass sich der Stein unkontrolliert bewegt. Sie k\u00f6nnen zwischen einer gr\u00fcnen oder orangefarbenen Kunststoffbasis w\u00e4hlen, die mit diesem Produkt geliefert wird.<\/li>\n<li>Der Schleifstein wiegt 0,73 Pfund und Wasser ist die wirksamste Fl\u00fcssigkeit zum Schmieren.<\/li>\n<\/ul>","protected":false},"featured_media":7835,"template":"","meta":{"inline_featured_image":false},"product_brand":[],"product_cat":[89],"product_tag":[],"class_list":{"0":"post-6004","1":"product","2":"type-product","3":"status-publish","4":"has-post-thumbnail","6":"product_cat-whetstones","7":"sales-flash-overlay","8":"woocommerce-text-align-left","9":"woocommerce-image-align-center","10":"do-quantity-buttons","11":"wc-has-gallery","13":"first","14":"instock","15":"shipping-taxable","16":"product-type-simple"},"_links":{"self":[{"href":"https:\/\/leeknives.com\/de\/wp-json\/wp\/v2\/product\/6004","targetHints":{"allow":["GET"]}}],"collection":[{"href":"https:\/\/leeknives.com\/de\/wp-json\/wp\/v2\/product"}],"about":[{"href":"https:\/\/leeknives.com\/de\/wp-json\/wp\/v2\/types\/product"}],"wp:featuredmedia":[{"embeddable":true,"href":"https:\/\/leeknives.com\/de\/wp-json\/wp\/v2\/media\/7835"}],"wp:attachment":[{"href":"https:\/\/leeknives.com\/de\/wp-json\/wp\/v2\/media?parent=6004"}],"wp:term":[{"taxonomy":"product_brand","embeddable":true,"href":"https:\/\/leeknives.com\/de\/wp-json\/wp\/v2\/product_brand?post=6004"},{"taxonomy":"product_cat","embeddable":true,"href":"https:\/\/leeknives.com\/de\/wp-json\/wp\/v2\/product_cat?post=6004"},{"taxonomy":"product_tag","embeddable":true,"href":"https:\/\/leeknives.com\/de\/wp-json\/wp\/v2\/product_tag?post=6004"}],"curies":[{"name":"wp","href":"https:\/\/api.w.org\/{rel}","templated":true}]}}