{"id":6010,"date":"2022-09-06T16:33:07","date_gmt":"2022-09-06T08:33:07","guid":{"rendered":"https:\/\/leeknives.com\/?post_type=product&#038;p=6010"},"modified":"2023-12-22T14:59:25","modified_gmt":"2023-12-22T06:59:25","slug":"messerscharfer-lkksp20001","status":"publish","type":"product","link":"https:\/\/leeknives.com\/de\/knife-sharpener-lkksp20001\/","title":{"rendered":"3-stufiger manueller Messersch\u00e4rfer LKKSP20001"},"content":{"rendered":"","protected":false},"excerpt":{"rendered":"<h3>Hauptmerkmale<\/h3>\n<ul>\n<li>Der 3-stufige manuelle Sch\u00e4rfer bietet L\u00f6sungen f\u00fcr stumpfe Messer, regelm\u00e4\u00dfige Kantenpflege und Polieranforderungen.<\/li>\n<li>Ein Griffhalter neben den Schleifschlitzen sowie die rutschfeste Basis sorgen f\u00fcr einen sicheren und gleichm\u00e4\u00dfigen Schleifvorgang.<\/li>\n<li>Der Spitzer wurde in modischen Holzmustern gestaltet. Die verschiedenen Schlitze bestehen aus Diamant, Wolframstahl, Keramik oder Edelstahl und k\u00f6nnen individuell angepasst werden.<\/li>\n<\/ul>","protected":false},"featured_media":7772,"template":"","meta":{"inline_featured_image":false},"product_brand":[],"product_cat":[91],"product_tag":[],"class_list":{"0":"post-6010","1":"product","2":"type-product","3":"status-publish","4":"has-post-thumbnail","6":"product_cat-knife-sharpeners","7":"sales-flash-overlay","8":"woocommerce-text-align-left","9":"woocommerce-image-align-center","10":"do-quantity-buttons","11":"wc-has-gallery","13":"first","14":"instock","15":"shipping-taxable","16":"product-type-simple"},"_links":{"self":[{"href":"https:\/\/leeknives.com\/de\/wp-json\/wp\/v2\/product\/6010","targetHints":{"allow":["GET"]}}],"collection":[{"href":"https:\/\/leeknives.com\/de\/wp-json\/wp\/v2\/product"}],"about":[{"href":"https:\/\/leeknives.com\/de\/wp-json\/wp\/v2\/types\/product"}],"wp:featuredmedia":[{"embeddable":true,"href":"https:\/\/leeknives.com\/de\/wp-json\/wp\/v2\/media\/7772"}],"wp:attachment":[{"href":"https:\/\/leeknives.com\/de\/wp-json\/wp\/v2\/media?parent=6010"}],"wp:term":[{"taxonomy":"product_brand","embeddable":true,"href":"https:\/\/leeknives.com\/de\/wp-json\/wp\/v2\/product_brand?post=6010"},{"taxonomy":"product_cat","embeddable":true,"href":"https:\/\/leeknives.com\/de\/wp-json\/wp\/v2\/product_cat?post=6010"},{"taxonomy":"product_tag","embeddable":true,"href":"https:\/\/leeknives.com\/de\/wp-json\/wp\/v2\/product_tag?post=6010"}],"curies":[{"name":"wp","href":"https:\/\/api.w.org\/{rel}","templated":true}]}}