{"id":6014,"date":"2022-09-06T16:35:37","date_gmt":"2022-09-06T08:35:37","guid":{"rendered":"https:\/\/leeknives.com\/?post_type=product&#038;p=6014"},"modified":"2023-12-22T14:59:16","modified_gmt":"2023-12-22T06:59:16","slug":"messerscharfer-lkksp20002-4","status":"publish","type":"product","link":"https:\/\/leeknives.com\/de\/knife-sharpener-lkksp20002-4\/","title":{"rendered":"3-stufiger manueller Messersch\u00e4rfer LKKSP20002-4"},"content":{"rendered":"","protected":false},"excerpt":{"rendered":"<h3>Hauptmerkmale<\/h3>\n<ul>\n<li>Der Sch\u00e4rfer verf\u00fcgt \u00fcber drei verschiedene Schlitze, mit denen sich eine gro\u00dfe Bandbreite an Klingen sch\u00e4rfen l\u00e4sst, darunter Kochmesser, Hackmesser oder sogar Taschenmesser.<\/li>\n<li>Der Spitzer besteht aus strapazierf\u00e4higem, rutschfestem ABS-Material. Die Sch\u00e4rfschlitze bestehen aus Keramik, Edelstahl und Diamant.<\/li>\n<li>Erh\u00e4ltlich in drei verschiedenen Farben. Kontaktieren Sie uns, um die Farben anzupassen oder sogar Gravuren Ihrer Marke hinzuzuf\u00fcgen.<\/li>\n<\/ul>","protected":false},"featured_media":7778,"template":"","meta":{"inline_featured_image":false},"product_brand":[],"product_cat":[91],"product_tag":[],"class_list":{"0":"post-6014","1":"product","2":"type-product","3":"status-publish","4":"has-post-thumbnail","6":"product_cat-knife-sharpeners","7":"sales-flash-overlay","8":"woocommerce-text-align-left","9":"woocommerce-image-align-center","10":"do-quantity-buttons","11":"wc-has-gallery","13":"first","14":"instock","15":"shipping-taxable","16":"product-type-simple"},"_links":{"self":[{"href":"https:\/\/leeknives.com\/de\/wp-json\/wp\/v2\/product\/6014","targetHints":{"allow":["GET"]}}],"collection":[{"href":"https:\/\/leeknives.com\/de\/wp-json\/wp\/v2\/product"}],"about":[{"href":"https:\/\/leeknives.com\/de\/wp-json\/wp\/v2\/types\/product"}],"wp:featuredmedia":[{"embeddable":true,"href":"https:\/\/leeknives.com\/de\/wp-json\/wp\/v2\/media\/7778"}],"wp:attachment":[{"href":"https:\/\/leeknives.com\/de\/wp-json\/wp\/v2\/media?parent=6014"}],"wp:term":[{"taxonomy":"product_brand","embeddable":true,"href":"https:\/\/leeknives.com\/de\/wp-json\/wp\/v2\/product_brand?post=6014"},{"taxonomy":"product_cat","embeddable":true,"href":"https:\/\/leeknives.com\/de\/wp-json\/wp\/v2\/product_cat?post=6014"},{"taxonomy":"product_tag","embeddable":true,"href":"https:\/\/leeknives.com\/de\/wp-json\/wp\/v2\/product_tag?post=6014"}],"curies":[{"name":"wp","href":"https:\/\/api.w.org\/{rel}","templated":true}]}}