{"id":6020,"date":"2022-09-06T16:39:55","date_gmt":"2022-09-06T08:39:55","guid":{"rendered":"https:\/\/leeknives.com\/?post_type=product&#038;p=6020"},"modified":"2023-12-22T14:59:05","modified_gmt":"2023-12-22T06:59:05","slug":"messerscharfer-lkksp20005-8","status":"publish","type":"product","link":"https:\/\/leeknives.com\/de\/knife-sharpener-lkksp20005-8\/","title":{"rendered":"Tragbarer 2-stufiger Messersch\u00e4rfer LKKSP20005-8"},"content":{"rendered":"","protected":false},"excerpt":{"rendered":"<h3>Hauptmerkmale<\/h3>\n<ul>\n<li>Dieser Mini-Zweistufensch\u00e4rfer verf\u00fcgt \u00fcber einen Keramikschlitz zum regelm\u00e4\u00dfigen Sch\u00e4rfen sowie einen Wolframschlitz zum Polieren der Klingen.<\/li>\n<li>Tragbar und leistungsstark. Benutzer k\u00f6nnen es einfach an einem Schl\u00fcsselbund befestigen und eine Klinge jederzeit und \u00fcberall sch\u00e4rfen.<\/li>\n<li>Die rutschfeste Basis verhindert, dass sich der Spitzer unkontrolliert bewegt.<\/li>\n<\/ul>","protected":false},"featured_media":7780,"template":"","meta":{"inline_featured_image":false},"product_brand":[],"product_cat":[91],"product_tag":[],"class_list":{"0":"post-6020","1":"product","2":"type-product","3":"status-publish","4":"has-post-thumbnail","6":"product_cat-knife-sharpeners","7":"sales-flash-overlay","8":"woocommerce-text-align-left","9":"woocommerce-image-align-center","10":"do-quantity-buttons","11":"wc-has-gallery","13":"first","14":"instock","15":"shipping-taxable","16":"product-type-simple"},"_links":{"self":[{"href":"https:\/\/leeknives.com\/de\/wp-json\/wp\/v2\/product\/6020","targetHints":{"allow":["GET"]}}],"collection":[{"href":"https:\/\/leeknives.com\/de\/wp-json\/wp\/v2\/product"}],"about":[{"href":"https:\/\/leeknives.com\/de\/wp-json\/wp\/v2\/types\/product"}],"wp:featuredmedia":[{"embeddable":true,"href":"https:\/\/leeknives.com\/de\/wp-json\/wp\/v2\/media\/7780"}],"wp:attachment":[{"href":"https:\/\/leeknives.com\/de\/wp-json\/wp\/v2\/media?parent=6020"}],"wp:term":[{"taxonomy":"product_brand","embeddable":true,"href":"https:\/\/leeknives.com\/de\/wp-json\/wp\/v2\/product_brand?post=6020"},{"taxonomy":"product_cat","embeddable":true,"href":"https:\/\/leeknives.com\/de\/wp-json\/wp\/v2\/product_cat?post=6020"},{"taxonomy":"product_tag","embeddable":true,"href":"https:\/\/leeknives.com\/de\/wp-json\/wp\/v2\/product_tag?post=6020"}],"curies":[{"name":"wp","href":"https:\/\/api.w.org\/{rel}","templated":true}]}}