{"id":6025,"date":"2022-09-06T16:41:51","date_gmt":"2022-09-06T08:41:51","guid":{"rendered":"https:\/\/leeknives.com\/?post_type=product&#038;p=6025"},"modified":"2023-12-22T14:58:53","modified_gmt":"2023-12-22T06:58:53","slug":"messerscharfer-lkksp20009","status":"publish","type":"product","link":"https:\/\/leeknives.com\/de\/knife-sharpener-lkksp20009\/","title":{"rendered":"Tragbarer 2-stufiger Messersch\u00e4rfer LKKSP20009"},"content":{"rendered":"","protected":false},"excerpt":{"rendered":"<h3>Hauptmerkmale<\/h3>\n<ul>\n<li>Ein filigranes und dennoch leistungsstarkes 2-stufiges Sch\u00e4rfwerkzeug. Eine Seite hat Sch\u00e4rfschlitze, die andere ist eine Greifstation zur besseren Kontrolle.<\/li>\n<li>Die beiden Schlitze sollten unter unterschiedlichen Umst\u00e4nden verwendet werden. Keramikschlitze verschlei\u00dfen Metall und sollten f\u00fcr stumpfe\/abgebrochene Messer verwendet werden. Wolframstahlschlitze polieren und verfeinern eine gesch\u00e4rfte Schneide.<\/li>\n<li>Der Spitzer ist nicht nur bequem in der Anwendung, sondern dank seines geringen Gewichts auch tragbar, sodass er jederzeit mitgenommen werden kann.<\/li>\n<\/ul>","protected":false},"featured_media":7784,"template":"","meta":{"inline_featured_image":false},"product_brand":[],"product_cat":[91],"product_tag":[],"class_list":{"0":"post-6025","1":"product","2":"type-product","3":"status-publish","4":"has-post-thumbnail","6":"product_cat-knife-sharpeners","7":"sales-flash-overlay","8":"woocommerce-text-align-left","9":"woocommerce-image-align-center","10":"do-quantity-buttons","11":"wc-has-gallery","13":"first","14":"instock","15":"shipping-taxable","16":"product-type-simple"},"_links":{"self":[{"href":"https:\/\/leeknives.com\/de\/wp-json\/wp\/v2\/product\/6025","targetHints":{"allow":["GET"]}}],"collection":[{"href":"https:\/\/leeknives.com\/de\/wp-json\/wp\/v2\/product"}],"about":[{"href":"https:\/\/leeknives.com\/de\/wp-json\/wp\/v2\/types\/product"}],"wp:featuredmedia":[{"embeddable":true,"href":"https:\/\/leeknives.com\/de\/wp-json\/wp\/v2\/media\/7784"}],"wp:attachment":[{"href":"https:\/\/leeknives.com\/de\/wp-json\/wp\/v2\/media?parent=6025"}],"wp:term":[{"taxonomy":"product_brand","embeddable":true,"href":"https:\/\/leeknives.com\/de\/wp-json\/wp\/v2\/product_brand?post=6025"},{"taxonomy":"product_cat","embeddable":true,"href":"https:\/\/leeknives.com\/de\/wp-json\/wp\/v2\/product_cat?post=6025"},{"taxonomy":"product_tag","embeddable":true,"href":"https:\/\/leeknives.com\/de\/wp-json\/wp\/v2\/product_tag?post=6025"}],"curies":[{"name":"wp","href":"https:\/\/api.w.org\/{rel}","templated":true}]}}