{"id":6029,"date":"2022-09-06T16:46:09","date_gmt":"2022-09-06T08:46:09","guid":{"rendered":"https:\/\/leeknives.com\/?post_type=product&#038;p=6029"},"modified":"2023-12-22T14:58:44","modified_gmt":"2023-12-22T06:58:44","slug":"messerscharfer-lkksp20010-12","status":"publish","type":"product","link":"https:\/\/leeknives.com\/de\/knife-sharpener-lkksp20010-12\/","title":{"rendered":"4-in-1 Messer- und Scherensch\u00e4rfer LKKSP20010-12"},"content":{"rendered":"","protected":false},"excerpt":{"rendered":"<h3>Hauptmerkmale<\/h3>\n<ul>\n<li>Der ultimative 4-in-1-Handsch\u00e4rfer: Neben den kompletten Sch\u00e4rfschlitzen gibt es auch einen Sch\u00e4rfeingang f\u00fcr Scheren in Form eines Blitzsymbols.<\/li>\n<li>Sichern Sie Ihr Schleiferlebnis mit Griff und rutschfester Basis. Sch\u00e4rfen Sie mit Blick auf die Sicherheit.<\/li>\n<li>Erh\u00e4ltlich in drei Varianten. Die Schutzabdeckung der Schleifschlitze kann individuell auf Stahlmaterial angepasst werden.<\/li>\n<\/ul>","protected":false},"featured_media":7790,"template":"","meta":{"inline_featured_image":false},"product_brand":[],"product_cat":[91],"product_tag":[],"class_list":{"0":"post-6029","1":"product","2":"type-product","3":"status-publish","4":"has-post-thumbnail","6":"product_cat-knife-sharpeners","7":"sales-flash-overlay","8":"woocommerce-text-align-left","9":"woocommerce-image-align-center","10":"do-quantity-buttons","11":"wc-has-gallery","13":"first","14":"instock","15":"shipping-taxable","16":"product-type-simple"},"_links":{"self":[{"href":"https:\/\/leeknives.com\/de\/wp-json\/wp\/v2\/product\/6029","targetHints":{"allow":["GET"]}}],"collection":[{"href":"https:\/\/leeknives.com\/de\/wp-json\/wp\/v2\/product"}],"about":[{"href":"https:\/\/leeknives.com\/de\/wp-json\/wp\/v2\/types\/product"}],"wp:featuredmedia":[{"embeddable":true,"href":"https:\/\/leeknives.com\/de\/wp-json\/wp\/v2\/media\/7790"}],"wp:attachment":[{"href":"https:\/\/leeknives.com\/de\/wp-json\/wp\/v2\/media?parent=6029"}],"wp:term":[{"taxonomy":"product_brand","embeddable":true,"href":"https:\/\/leeknives.com\/de\/wp-json\/wp\/v2\/product_brand?post=6029"},{"taxonomy":"product_cat","embeddable":true,"href":"https:\/\/leeknives.com\/de\/wp-json\/wp\/v2\/product_cat?post=6029"},{"taxonomy":"product_tag","embeddable":true,"href":"https:\/\/leeknives.com\/de\/wp-json\/wp\/v2\/product_tag?post=6029"}],"curies":[{"name":"wp","href":"https:\/\/api.w.org\/{rel}","templated":true}]}}