{"id":6035,"date":"2022-09-06T16:55:09","date_gmt":"2022-09-06T08:55:09","guid":{"rendered":"https:\/\/leeknives.com\/?post_type=product&#038;p=6035"},"modified":"2023-12-22T14:58:33","modified_gmt":"2023-12-22T06:58:33","slug":"wetzstahl-lkhos20002","status":"publish","type":"product","link":"https:\/\/leeknives.com\/de\/honing-steel-lkhos20002\/","title":{"rendered":"Diamantbeschichteter Honstahl LKHOS20002"},"content":{"rendered":"","protected":false},"excerpt":{"rendered":"<h3>Hauptmerkmale<\/h3>\n<ul>\n<li>Dieser mit Diamant beschichtete Wetzstahl sollte bei abgebrochenen Messern vorsichtig verwendet werden, da die Diamantbeschichtung eine erhebliche Menge Metall absplittert.<\/li>\n<li>10 Zoll lang. Mit einem flachen Design, das die Abdeckung Ihrer Klinge erweitert und so Zeit und M\u00fche f\u00fcr eine schnelle Sch\u00e4rfaufgabe spart.<\/li>\n<li>Der Griff besteht aus Holz und ist mit Nieten befestigt. Das Gesamtdesign, einschlie\u00dflich Griff und Wetzstahlmaterial, kann nach Ihren W\u00fcnschen individuell angepasst werden.<\/li>\n<\/ul>","protected":false},"featured_media":7515,"template":"","meta":{"inline_featured_image":false},"product_brand":[],"product_cat":[90],"product_tag":[],"class_list":{"0":"post-6035","1":"product","2":"type-product","3":"status-publish","4":"has-post-thumbnail","6":"product_cat-honing-steels","7":"sales-flash-overlay","8":"woocommerce-text-align-left","9":"woocommerce-image-align-center","10":"do-quantity-buttons","11":"wc-has-gallery","13":"first","14":"instock","15":"shipping-taxable","16":"product-type-simple"},"_links":{"self":[{"href":"https:\/\/leeknives.com\/de\/wp-json\/wp\/v2\/product\/6035","targetHints":{"allow":["GET"]}}],"collection":[{"href":"https:\/\/leeknives.com\/de\/wp-json\/wp\/v2\/product"}],"about":[{"href":"https:\/\/leeknives.com\/de\/wp-json\/wp\/v2\/types\/product"}],"wp:featuredmedia":[{"embeddable":true,"href":"https:\/\/leeknives.com\/de\/wp-json\/wp\/v2\/media\/7515"}],"wp:attachment":[{"href":"https:\/\/leeknives.com\/de\/wp-json\/wp\/v2\/media?parent=6035"}],"wp:term":[{"taxonomy":"product_brand","embeddable":true,"href":"https:\/\/leeknives.com\/de\/wp-json\/wp\/v2\/product_brand?post=6035"},{"taxonomy":"product_cat","embeddable":true,"href":"https:\/\/leeknives.com\/de\/wp-json\/wp\/v2\/product_cat?post=6035"},{"taxonomy":"product_tag","embeddable":true,"href":"https:\/\/leeknives.com\/de\/wp-json\/wp\/v2\/product_tag?post=6035"}],"curies":[{"name":"wp","href":"https:\/\/api.w.org\/{rel}","templated":true}]}}