{"id":6038,"date":"2022-09-06T16:57:19","date_gmt":"2022-09-06T08:57:19","guid":{"rendered":"https:\/\/leeknives.com\/?post_type=product&#038;p=6038"},"modified":"2023-12-22T14:58:21","modified_gmt":"2023-12-22T06:58:21","slug":"wetzstahl-lkhos20003","status":"publish","type":"product","link":"https:\/\/leeknives.com\/de\/products\/honing-steel-lkhos20003\/","title":{"rendered":"Diamantbeschichteter Honstahl LKHOS20003"},"content":{"rendered":"","protected":false},"excerpt":{"rendered":"<div class=\"woocommerce-product-details__short-description\">\n<h3>Hauptmerkmale<\/h3>\n<ul>\n<li>Der Wetzstahl ist mit Diamantpartikeln beschichtet. Beim Wetzen der Messer ist Vorsicht geboten, da Diamanten zu viel Metall abreiben k\u00f6nnen.<\/li>\n<li>Auf der Schleiffl\u00e4che befindet sich eine zus\u00e4tzliche vertikale Feile zum fachgerechten Sch\u00e4rfen von Angelhaken.<\/li>\n<li>Der Wetzstahl ist zwischen zwei Holzgriffen eingeklemmt und mit Nieten befestigt.<\/li>\n<\/ul>\n<\/div>","protected":false},"featured_media":7517,"template":"","meta":{"inline_featured_image":false},"product_brand":[],"product_cat":[90],"product_tag":[],"class_list":{"0":"post-6038","1":"product","2":"type-product","3":"status-publish","4":"has-post-thumbnail","6":"product_cat-honing-steels","7":"sales-flash-overlay","8":"woocommerce-text-align-left","9":"woocommerce-image-align-center","10":"do-quantity-buttons","11":"wc-has-gallery","13":"first","14":"instock","15":"shipping-taxable","16":"product-type-simple"},"_links":{"self":[{"href":"https:\/\/leeknives.com\/de\/wp-json\/wp\/v2\/product\/6038","targetHints":{"allow":["GET"]}}],"collection":[{"href":"https:\/\/leeknives.com\/de\/wp-json\/wp\/v2\/product"}],"about":[{"href":"https:\/\/leeknives.com\/de\/wp-json\/wp\/v2\/types\/product"}],"wp:featuredmedia":[{"embeddable":true,"href":"https:\/\/leeknives.com\/de\/wp-json\/wp\/v2\/media\/7517"}],"wp:attachment":[{"href":"https:\/\/leeknives.com\/de\/wp-json\/wp\/v2\/media?parent=6038"}],"wp:term":[{"taxonomy":"product_brand","embeddable":true,"href":"https:\/\/leeknives.com\/de\/wp-json\/wp\/v2\/product_brand?post=6038"},{"taxonomy":"product_cat","embeddable":true,"href":"https:\/\/leeknives.com\/de\/wp-json\/wp\/v2\/product_cat?post=6038"},{"taxonomy":"product_tag","embeddable":true,"href":"https:\/\/leeknives.com\/de\/wp-json\/wp\/v2\/product_tag?post=6038"}],"curies":[{"name":"wp","href":"https:\/\/api.w.org\/{rel}","templated":true}]}}