{"id":6041,"date":"2022-09-06T16:59:40","date_gmt":"2022-09-06T08:59:40","guid":{"rendered":"https:\/\/leeknives.com\/?post_type=product&#038;p=6041"},"modified":"2023-12-22T14:58:08","modified_gmt":"2023-12-22T06:58:08","slug":"wetzstahl-lkhos20004","status":"publish","type":"product","link":"https:\/\/leeknives.com\/de\/honing-steel-lkhos20004\/","title":{"rendered":"Diamantbeschichteter Honstahl LKHOS20004"},"content":{"rendered":"","protected":false},"excerpt":{"rendered":"<h3>Hauptmerkmale<\/h3>\n<ul>\n<li>Der Diamant-Wetzstahl sollte wie ein Schleifstein behandelt werden. Er besitzt die F\u00e4higkeit, Metall von der Schneide abzuschleifen. Es wird empfohlen, ihn zur Reparatur von abgebrochenen Messern zu verwenden.<\/li>\n<li>Der Wetzstab besteht aus einem Verbundmetall mit beschichtetem Diamant und einem Holzgriff. Er wiegt 100 Gramm und ist etwa 9 Zoll lang.<\/li>\n<li>Im Gegensatz zu herk\u00f6mmlichen Wetzst\u00e4ben verf\u00fcgt dieses Modul \u00fcber ein flaches Design, das das Sch\u00e4rfen sperriger, rechteckiger Klingen erleichtert.<\/li>\n<\/ul>","protected":false},"featured_media":7519,"template":"","meta":{"inline_featured_image":false},"product_brand":[],"product_cat":[90],"product_tag":[],"class_list":{"0":"post-6041","1":"product","2":"type-product","3":"status-publish","4":"has-post-thumbnail","6":"product_cat-honing-steels","7":"sales-flash-overlay","8":"woocommerce-text-align-left","9":"woocommerce-image-align-center","10":"do-quantity-buttons","11":"wc-has-gallery","13":"first","14":"instock","15":"shipping-taxable","16":"product-type-simple"},"_links":{"self":[{"href":"https:\/\/leeknives.com\/de\/wp-json\/wp\/v2\/product\/6041","targetHints":{"allow":["GET"]}}],"collection":[{"href":"https:\/\/leeknives.com\/de\/wp-json\/wp\/v2\/product"}],"about":[{"href":"https:\/\/leeknives.com\/de\/wp-json\/wp\/v2\/types\/product"}],"wp:featuredmedia":[{"embeddable":true,"href":"https:\/\/leeknives.com\/de\/wp-json\/wp\/v2\/media\/7519"}],"wp:attachment":[{"href":"https:\/\/leeknives.com\/de\/wp-json\/wp\/v2\/media?parent=6041"}],"wp:term":[{"taxonomy":"product_brand","embeddable":true,"href":"https:\/\/leeknives.com\/de\/wp-json\/wp\/v2\/product_brand?post=6041"},{"taxonomy":"product_cat","embeddable":true,"href":"https:\/\/leeknives.com\/de\/wp-json\/wp\/v2\/product_cat?post=6041"},{"taxonomy":"product_tag","embeddable":true,"href":"https:\/\/leeknives.com\/de\/wp-json\/wp\/v2\/product_tag?post=6041"}],"curies":[{"name":"wp","href":"https:\/\/api.w.org\/{rel}","templated":true}]}}