{"id":6044,"date":"2022-09-06T17:02:16","date_gmt":"2022-09-06T09:02:16","guid":{"rendered":"https:\/\/leeknives.com\/?post_type=product&#038;p=6044"},"modified":"2023-12-22T14:57:57","modified_gmt":"2023-12-22T06:57:57","slug":"wetzstahl-lkhos20005","status":"publish","type":"product","link":"https:\/\/leeknives.com\/de\/honing-steel-lkhos20005\/","title":{"rendered":"Diamantbeschichteter Honstahl LKHOS20005"},"content":{"rendered":"","protected":false},"excerpt":{"rendered":"<h3>Hauptmerkmale<\/h3>\n<ul>\n<li>Der diamantbeschichtete Wetzstahl eignet sich zum Sch\u00e4rfen stumpfer Klingen aller Art. Sie k\u00f6nnen ihn nicht nur zum Sch\u00e4rfen von K\u00fcchenmessern verwenden, sondern auch f\u00fcr Taschenmesser und sogar Macheten.<\/li>\n<li>Eine abgerundete Spitze f\u00fcr eine sicherere K\u00fcchenumgebung. Die Gesamtl\u00e4nge betr\u00e4gt 10,43 Zoll, eine leicht zu verwendende Zwischengr\u00f6\u00dfe.<\/li>\n<li>Diamant-Abziehst\u00e4be k\u00f6nnen nicht routinem\u00e4\u00dfig verwendet werden. Sie k\u00f6nnen die Lebensdauer eines Messers durch Abrieb des Metalls verk\u00fcrzen. Verwenden Sie sie als Reset-Knopf f\u00fcr die Messerschneide.<\/li>\n<\/ul>","protected":false},"featured_media":7521,"template":"","meta":{"inline_featured_image":false},"product_brand":[],"product_cat":[90],"product_tag":[],"class_list":{"0":"post-6044","1":"product","2":"type-product","3":"status-publish","4":"has-post-thumbnail","6":"product_cat-honing-steels","7":"sales-flash-overlay","8":"woocommerce-text-align-left","9":"woocommerce-image-align-center","10":"do-quantity-buttons","11":"wc-has-gallery","13":"first","14":"instock","15":"shipping-taxable","16":"product-type-simple"},"_links":{"self":[{"href":"https:\/\/leeknives.com\/de\/wp-json\/wp\/v2\/product\/6044","targetHints":{"allow":["GET"]}}],"collection":[{"href":"https:\/\/leeknives.com\/de\/wp-json\/wp\/v2\/product"}],"about":[{"href":"https:\/\/leeknives.com\/de\/wp-json\/wp\/v2\/types\/product"}],"wp:featuredmedia":[{"embeddable":true,"href":"https:\/\/leeknives.com\/de\/wp-json\/wp\/v2\/media\/7521"}],"wp:attachment":[{"href":"https:\/\/leeknives.com\/de\/wp-json\/wp\/v2\/media?parent=6044"}],"wp:term":[{"taxonomy":"product_brand","embeddable":true,"href":"https:\/\/leeknives.com\/de\/wp-json\/wp\/v2\/product_brand?post=6044"},{"taxonomy":"product_cat","embeddable":true,"href":"https:\/\/leeknives.com\/de\/wp-json\/wp\/v2\/product_cat?post=6044"},{"taxonomy":"product_tag","embeddable":true,"href":"https:\/\/leeknives.com\/de\/wp-json\/wp\/v2\/product_tag?post=6044"}],"curies":[{"name":"wp","href":"https:\/\/api.w.org\/{rel}","templated":true}]}}