{"id":6047,"date":"2022-09-06T17:04:08","date_gmt":"2022-09-06T09:04:08","guid":{"rendered":"https:\/\/leeknives.com\/?post_type=product&#038;p=6047"},"modified":"2023-12-22T14:57:44","modified_gmt":"2023-12-22T06:57:44","slug":"wetzstahl-lkhos20006","status":"publish","type":"product","link":"https:\/\/leeknives.com\/de\/honing-steel-lkhos20006\/","title":{"rendered":"Diamantbeschichteter Honstahl LKHOS20006"},"content":{"rendered":"","protected":false},"excerpt":{"rendered":"<h3>Hauptmerkmale<\/h3>\n<ul>\n<li>Dieser mit Diamantpartikeln bedeckte Wetzstahl sch\u00e4rft die Schneide eines Messers wesentlich effizienter als herk\u00f6mmlicher Wetzstahl, da er viel schneller schleift.<\/li>\n<li>Diamant-Wetzstahl sollte alle paar Monate verwendet werden. Er ist die ultimative L\u00f6sung f\u00fcr stumpfe Messer und kein Wartungswerkzeug.<\/li>\n<li>Hergestellt mit einem Kunststoffgriff in einem monochrom silbernen Ton. Ein modisches Design, das den nat\u00fcrlichen Glanz des Stahls erg\u00e4nzt, wird Ihre Kunden sicherlich zu sch\u00e4tzen wissen.<\/li>\n<\/ul>","protected":false},"featured_media":7523,"template":"","meta":{"inline_featured_image":false},"product_brand":[],"product_cat":[90],"product_tag":[],"class_list":{"0":"post-6047","1":"product","2":"type-product","3":"status-publish","4":"has-post-thumbnail","6":"product_cat-honing-steels","7":"sales-flash-overlay","8":"woocommerce-text-align-left","9":"woocommerce-image-align-center","10":"do-quantity-buttons","11":"wc-has-gallery","13":"first","14":"instock","15":"shipping-taxable","16":"product-type-simple"},"_links":{"self":[{"href":"https:\/\/leeknives.com\/de\/wp-json\/wp\/v2\/product\/6047","targetHints":{"allow":["GET"]}}],"collection":[{"href":"https:\/\/leeknives.com\/de\/wp-json\/wp\/v2\/product"}],"about":[{"href":"https:\/\/leeknives.com\/de\/wp-json\/wp\/v2\/types\/product"}],"wp:featuredmedia":[{"embeddable":true,"href":"https:\/\/leeknives.com\/de\/wp-json\/wp\/v2\/media\/7523"}],"wp:attachment":[{"href":"https:\/\/leeknives.com\/de\/wp-json\/wp\/v2\/media?parent=6047"}],"wp:term":[{"taxonomy":"product_brand","embeddable":true,"href":"https:\/\/leeknives.com\/de\/wp-json\/wp\/v2\/product_brand?post=6047"},{"taxonomy":"product_cat","embeddable":true,"href":"https:\/\/leeknives.com\/de\/wp-json\/wp\/v2\/product_cat?post=6047"},{"taxonomy":"product_tag","embeddable":true,"href":"https:\/\/leeknives.com\/de\/wp-json\/wp\/v2\/product_tag?post=6047"}],"curies":[{"name":"wp","href":"https:\/\/api.w.org\/{rel}","templated":true}]}}