{"id":6050,"date":"2022-09-06T17:06:13","date_gmt":"2022-09-06T09:06:13","guid":{"rendered":"https:\/\/leeknives.com\/?post_type=product&#038;p=6050"},"modified":"2023-12-22T14:57:33","modified_gmt":"2023-12-22T06:57:33","slug":"wetzstahl-lkhos20007","status":"publish","type":"product","link":"https:\/\/leeknives.com\/de\/honing-steel-lkhos20007\/","title":{"rendered":"Diamantbeschichteter Honstahl LKHOS20007"},"content":{"rendered":"","protected":false},"excerpt":{"rendered":"<h3>Hauptmerkmale<\/h3>\n<ul>\n<li>Da er aus Diamant besteht, handelt es sich nicht um einen Wetzstahl f\u00fcr die t\u00e4gliche Sch\u00e4rfroutine, sondern um einen Krisenl\u00f6ser. Diamanten entfernen Metall schneller als herk\u00f6mmliche Wetzstahle.<\/li>\n<li>Anders als bei herk\u00f6mmlichen Ausf\u00fchrungen verf\u00fcgt der Wetzstahl \u00fcber eine flache, verbreiterte Sch\u00e4rffl\u00e4che, die leichter zu handhaben ist.<\/li>\n<li>Der Wetzstahl f\u00e4llt unter unseren Private-Label-Service. Je nach Bedarf k\u00f6nnen wir individuelle Logos Ihrer Marke gravieren oder stempeln.<\/li>\n<\/ul>","protected":false},"featured_media":7525,"template":"","meta":{"inline_featured_image":false},"product_brand":[],"product_cat":[90],"product_tag":[],"class_list":{"0":"post-6050","1":"product","2":"type-product","3":"status-publish","4":"has-post-thumbnail","6":"product_cat-honing-steels","7":"sales-flash-overlay","8":"woocommerce-text-align-left","9":"woocommerce-image-align-center","10":"do-quantity-buttons","11":"wc-has-gallery","13":"first","14":"instock","15":"shipping-taxable","16":"product-type-simple"},"_links":{"self":[{"href":"https:\/\/leeknives.com\/de\/wp-json\/wp\/v2\/product\/6050","targetHints":{"allow":["GET"]}}],"collection":[{"href":"https:\/\/leeknives.com\/de\/wp-json\/wp\/v2\/product"}],"about":[{"href":"https:\/\/leeknives.com\/de\/wp-json\/wp\/v2\/types\/product"}],"wp:featuredmedia":[{"embeddable":true,"href":"https:\/\/leeknives.com\/de\/wp-json\/wp\/v2\/media\/7525"}],"wp:attachment":[{"href":"https:\/\/leeknives.com\/de\/wp-json\/wp\/v2\/media?parent=6050"}],"wp:term":[{"taxonomy":"product_brand","embeddable":true,"href":"https:\/\/leeknives.com\/de\/wp-json\/wp\/v2\/product_brand?post=6050"},{"taxonomy":"product_cat","embeddable":true,"href":"https:\/\/leeknives.com\/de\/wp-json\/wp\/v2\/product_cat?post=6050"},{"taxonomy":"product_tag","embeddable":true,"href":"https:\/\/leeknives.com\/de\/wp-json\/wp\/v2\/product_tag?post=6050"}],"curies":[{"name":"wp","href":"https:\/\/api.w.org\/{rel}","templated":true}]}}