{"id":6054,"date":"2022-09-06T17:09:06","date_gmt":"2022-09-06T09:09:06","guid":{"rendered":"https:\/\/leeknives.com\/?post_type=product&#038;p=6054"},"modified":"2023-12-22T14:57:22","modified_gmt":"2023-12-22T06:57:22","slug":"wetzstahl-lkhos20008","status":"publish","type":"product","link":"https:\/\/leeknives.com\/de\/products\/honing-steel-lkhos20008\/","title":{"rendered":"Diamantbeschichteter Honstahl LKHOS20008"},"content":{"rendered":"","protected":false},"excerpt":{"rendered":"<h3>Hauptmerkmale<\/h3>\n<ul>\n<li>Der Wetzstahl ist mit Diamantpartikeln beschichtet. Da Diamant das h\u00e4rteste Material ist, sollte dieser Wetzstahl vorsichtig verwendet werden, da ein unbeabsichtigter Schlag das Messer besch\u00e4digen kann.<\/li>\n<li>Diamant-Wetzstahl kann eine Schneide sehr effizient sch\u00e4rfen. Es wird empfohlen, ihn bei rostigen oder abgebrochenen Klingen zu verwenden.<\/li>\n<li>Ein relativ kurzer Wetzstab mit Kunststoffgriff passt in jede Handgr\u00f6\u00dfe. Ein handlicher Wetzstab ist unerl\u00e4sslich, um die gew\u00fcnschten Sch\u00e4rfergebnisse zu erzielen.<\/li>\n<\/ul>","protected":false},"featured_media":7527,"template":"","meta":{"inline_featured_image":false},"product_brand":[],"product_cat":[90],"product_tag":[],"class_list":{"0":"post-6054","1":"product","2":"type-product","3":"status-publish","4":"has-post-thumbnail","6":"product_cat-honing-steels","7":"sales-flash-overlay","8":"woocommerce-text-align-left","9":"woocommerce-image-align-center","10":"do-quantity-buttons","11":"wc-has-gallery","13":"first","14":"instock","15":"shipping-taxable","16":"product-type-simple"},"_links":{"self":[{"href":"https:\/\/leeknives.com\/de\/wp-json\/wp\/v2\/product\/6054","targetHints":{"allow":["GET"]}}],"collection":[{"href":"https:\/\/leeknives.com\/de\/wp-json\/wp\/v2\/product"}],"about":[{"href":"https:\/\/leeknives.com\/de\/wp-json\/wp\/v2\/types\/product"}],"wp:featuredmedia":[{"embeddable":true,"href":"https:\/\/leeknives.com\/de\/wp-json\/wp\/v2\/media\/7527"}],"wp:attachment":[{"href":"https:\/\/leeknives.com\/de\/wp-json\/wp\/v2\/media?parent=6054"}],"wp:term":[{"taxonomy":"product_brand","embeddable":true,"href":"https:\/\/leeknives.com\/de\/wp-json\/wp\/v2\/product_brand?post=6054"},{"taxonomy":"product_cat","embeddable":true,"href":"https:\/\/leeknives.com\/de\/wp-json\/wp\/v2\/product_cat?post=6054"},{"taxonomy":"product_tag","embeddable":true,"href":"https:\/\/leeknives.com\/de\/wp-json\/wp\/v2\/product_tag?post=6054"}],"curies":[{"name":"wp","href":"https:\/\/api.w.org\/{rel}","templated":true}]}}