{"id":6057,"date":"2022-09-06T17:11:10","date_gmt":"2022-09-06T09:11:10","guid":{"rendered":"https:\/\/leeknives.com\/?post_type=product&#038;p=6057"},"modified":"2023-12-22T14:57:09","modified_gmt":"2023-12-22T06:57:09","slug":"wetzstahl-lkhos20009","status":"publish","type":"product","link":"https:\/\/leeknives.com\/de\/honing-steel-lkhos20009\/","title":{"rendered":"10\u2033 Wetzstahl mit Eichengriff LKHOS20009"},"content":{"rendered":"","protected":false},"excerpt":{"rendered":"<h3>Hauptmerkmale<\/h3>\n<ul>\n<li>Dieser professionelle Wetzstahl aus Kohlenstoffstahl kann eine stumpfe Schneide mit nur wenigen Z\u00fcgen wieder in Form bringen. Ein praktisches Werkzeug f\u00fcr die t\u00e4gliche Schneidepflege.<\/li>\n<li>Der Wetzstahl ist 15 Zoll lang, hat einen 10 Zoll langen K\u00f6rper und einen Eichengriff. Der Griff wurde sorgf\u00e4ltig in einer ergonomischen Form f\u00fcr eine einfachere Kontrolle entworfen.<\/li>\n<li>Beim schnellen Abziehen k\u00f6nnen sich unerw\u00fcnschte Grate oder Metallreste l\u00f6sen. Um zu verhindern, dass diese Ihr Essen verderben, wurde der Wetzstahl magnetisiert, wodurch Stahlpartikel angezogen werden k\u00f6nnen.<\/li>\n<\/ul>","protected":false},"featured_media":7529,"template":"","meta":{"inline_featured_image":false},"product_brand":[],"product_cat":[90],"product_tag":[],"class_list":{"0":"post-6057","1":"product","2":"type-product","3":"status-publish","4":"has-post-thumbnail","6":"product_cat-honing-steels","7":"sales-flash-overlay","8":"woocommerce-text-align-left","9":"woocommerce-image-align-center","10":"do-quantity-buttons","11":"wc-has-gallery","13":"first","14":"instock","15":"shipping-taxable","16":"product-type-simple"},"_links":{"self":[{"href":"https:\/\/leeknives.com\/de\/wp-json\/wp\/v2\/product\/6057","targetHints":{"allow":["GET"]}}],"collection":[{"href":"https:\/\/leeknives.com\/de\/wp-json\/wp\/v2\/product"}],"about":[{"href":"https:\/\/leeknives.com\/de\/wp-json\/wp\/v2\/types\/product"}],"wp:featuredmedia":[{"embeddable":true,"href":"https:\/\/leeknives.com\/de\/wp-json\/wp\/v2\/media\/7529"}],"wp:attachment":[{"href":"https:\/\/leeknives.com\/de\/wp-json\/wp\/v2\/media?parent=6057"}],"wp:term":[{"taxonomy":"product_brand","embeddable":true,"href":"https:\/\/leeknives.com\/de\/wp-json\/wp\/v2\/product_brand?post=6057"},{"taxonomy":"product_cat","embeddable":true,"href":"https:\/\/leeknives.com\/de\/wp-json\/wp\/v2\/product_cat?post=6057"},{"taxonomy":"product_tag","embeddable":true,"href":"https:\/\/leeknives.com\/de\/wp-json\/wp\/v2\/product_tag?post=6057"}],"curies":[{"name":"wp","href":"https:\/\/api.w.org\/{rel}","templated":true}]}}