{"id":9137,"date":"2023-04-04T18:46:31","date_gmt":"2023-04-04T10:46:31","guid":{"rendered":"https:\/\/leeknives.com\/?post_type=product&#038;p=9137"},"modified":"2023-12-22T14:56:56","modified_gmt":"2023-12-22T06:56:56","slug":"bestecksets-lkfws10001","status":"publish","type":"product","link":"https:\/\/leeknives.com\/de\/products\/flatware-sets-lkfws10001\/","title":{"rendered":"5-teiliges Besteckset aus 18\/10 Edelstahl LKFWS10001"},"content":{"rendered":"","protected":false},"excerpt":{"rendered":"<h3>Hauptmerkmale<\/h3>\n<ul>\n<li>Ein vielseitiges 5-teiliges Set, das wichtige Essutensilien wie ein Tafelmesser, eine Gabel, einen Essl\u00f6ffel und zus\u00e4tzliche Teile wie eine Dessertgabel und einen Teel\u00f6ffel enth\u00e4lt.<\/li>\n<li>Hergestellt aus dem hochwertigsten Edelstahl der Besteckwelt. 18\/10-Stahl hat einen beeindruckenden Nickelgehalt, der ihn hitze- und rostbest\u00e4ndiger macht.<\/li>\n<li>Jedes Besteckteil des Sets ist mit Vintage-Art-Deco-Design versehen. Ein echtes Sammlerst\u00fcck, das nicht nur n\u00fctzlich ist.<\/li>\n<\/ul>\n<h3>Enth\u00e4lt<\/h3>\n<p>Men\u00fcmesser, Men\u00fcgabel, Essl\u00f6ffel, Teel\u00f6ffel, Dessertgabel<\/p>","protected":false},"featured_media":9139,"template":"","meta":{"inline_featured_image":false},"product_brand":[],"product_cat":[83],"product_tag":[],"class_list":{"0":"post-9137","1":"product","2":"type-product","3":"status-publish","4":"has-post-thumbnail","6":"product_cat-flatware-sets","7":"pa_stainless-steel-grades-18-10","8":"sales-flash-overlay","9":"woocommerce-text-align-left","10":"woocommerce-image-align-center","11":"do-quantity-buttons","12":"wc-has-gallery","14":"first","15":"instock","16":"shipping-taxable","17":"product-type-simple"},"_links":{"self":[{"href":"https:\/\/leeknives.com\/de\/wp-json\/wp\/v2\/product\/9137","targetHints":{"allow":["GET"]}}],"collection":[{"href":"https:\/\/leeknives.com\/de\/wp-json\/wp\/v2\/product"}],"about":[{"href":"https:\/\/leeknives.com\/de\/wp-json\/wp\/v2\/types\/product"}],"wp:featuredmedia":[{"embeddable":true,"href":"https:\/\/leeknives.com\/de\/wp-json\/wp\/v2\/media\/9139"}],"wp:attachment":[{"href":"https:\/\/leeknives.com\/de\/wp-json\/wp\/v2\/media?parent=9137"}],"wp:term":[{"taxonomy":"product_brand","embeddable":true,"href":"https:\/\/leeknives.com\/de\/wp-json\/wp\/v2\/product_brand?post=9137"},{"taxonomy":"product_cat","embeddable":true,"href":"https:\/\/leeknives.com\/de\/wp-json\/wp\/v2\/product_cat?post=9137"},{"taxonomy":"product_tag","embeddable":true,"href":"https:\/\/leeknives.com\/de\/wp-json\/wp\/v2\/product_tag?post=9137"}],"curies":[{"name":"wp","href":"https:\/\/api.w.org\/{rel}","templated":true}]}}