{"id":9146,"date":"2023-04-04T19:20:01","date_gmt":"2023-04-04T11:20:01","guid":{"rendered":"https:\/\/leeknives.com\/?post_type=product&#038;p=9146"},"modified":"2023-12-22T14:56:40","modified_gmt":"2023-12-22T06:56:40","slug":"bestecksets-lkfws10002","status":"publish","type":"product","link":"https:\/\/leeknives.com\/de\/products\/flatware-sets-lkfws10002\/","title":{"rendered":"5-teiliges Besteckset aus 18\/8 Edelstahl LKFWS10002"},"content":{"rendered":"","protected":false},"excerpt":{"rendered":"<h3>Hauptmerkmale<\/h3>\n<ul>\n<li>Dieses Besteckset enth\u00e4lt alle wichtigen Teile f\u00fcr einen gedeckten Tisch: Ein Tafelmesser, zwei L\u00f6ffel und zwei Gabeln in unterschiedlichen Gr\u00f6\u00dfen.<\/li>\n<li>18\/8 ist ein best\u00e4ndiger Edelstahl, der sich durch hohe Hitze-, Verschlei\u00df- und Rostbest\u00e4ndigkeit auszeichnet. Das 8%-Nickel macht das Set langlebiger, ohne es \u00fcberm\u00e4\u00dfig teuer zu machen.<\/li>\n<li>Zur einfachen Aufbewahrung sind die Griffe des Sets ausgeh\u00f6hlt. So k\u00f6nnen sie problemlos an der Wand angebracht werden.<\/li>\n<\/ul>\n<h3>Enth\u00e4lt<\/h3>\n<p>Men\u00fcmesser, Men\u00fcgabel, Essl\u00f6ffel, Teel\u00f6ffel, Dessertgabel<\/p>","protected":false},"featured_media":9148,"template":"","meta":{"inline_featured_image":false},"product_brand":[],"product_cat":[83],"product_tag":[],"class_list":{"0":"post-9146","1":"product","2":"type-product","3":"status-publish","4":"has-post-thumbnail","6":"product_cat-flatware-sets","7":"pa_stainless-steel-grades-18-8","8":"sales-flash-overlay","9":"woocommerce-text-align-left","10":"woocommerce-image-align-center","11":"do-quantity-buttons","13":"first","14":"instock","15":"shipping-taxable","16":"product-type-simple"},"_links":{"self":[{"href":"https:\/\/leeknives.com\/de\/wp-json\/wp\/v2\/product\/9146","targetHints":{"allow":["GET"]}}],"collection":[{"href":"https:\/\/leeknives.com\/de\/wp-json\/wp\/v2\/product"}],"about":[{"href":"https:\/\/leeknives.com\/de\/wp-json\/wp\/v2\/types\/product"}],"wp:featuredmedia":[{"embeddable":true,"href":"https:\/\/leeknives.com\/de\/wp-json\/wp\/v2\/media\/9148"}],"wp:attachment":[{"href":"https:\/\/leeknives.com\/de\/wp-json\/wp\/v2\/media?parent=9146"}],"wp:term":[{"taxonomy":"product_brand","embeddable":true,"href":"https:\/\/leeknives.com\/de\/wp-json\/wp\/v2\/product_brand?post=9146"},{"taxonomy":"product_cat","embeddable":true,"href":"https:\/\/leeknives.com\/de\/wp-json\/wp\/v2\/product_cat?post=9146"},{"taxonomy":"product_tag","embeddable":true,"href":"https:\/\/leeknives.com\/de\/wp-json\/wp\/v2\/product_tag?post=9146"}],"curies":[{"name":"wp","href":"https:\/\/api.w.org\/{rel}","templated":true}]}}