{"id":9149,"date":"2023-04-04T19:25:37","date_gmt":"2023-04-04T11:25:37","guid":{"rendered":"https:\/\/leeknives.com\/?post_type=product&#038;p=9149"},"modified":"2023-12-22T14:56:28","modified_gmt":"2023-12-22T06:56:28","slug":"bestecksets-lkfws10003","status":"publish","type":"product","link":"https:\/\/leeknives.com\/de\/products\/flatware-sets-lkfws10003\/","title":{"rendered":"7-teiliges Besteckset aus 13\/0 Edelstahl LKFWS10003"},"content":{"rendered":"","protected":false},"excerpt":{"rendered":"<h3>Hauptmerkmale<\/h3>\n<ul>\n<li>Es handelt sich um eine l\u00f6ffelorientierte 7-teilige Kollektion mit vier verschiedenen Varianten, zwei Gabeln f\u00fcr Abendessen und Dessert und einem Messer.<\/li>\n<li>Edelstahl 13\/0 oder 410 ist eine hervorragende Option f\u00fcr preisg\u00fcnstige Sets mit hoher Qualit\u00e4t. Er ist robust genug, um dem t\u00e4glichen Gebrauch und Umweltbelastungen standzuhalten.<\/li>\n<li>Ein luxuri\u00f6ses goldenes Design mit gl\u00e4nzender Oberfl\u00e4che, vergoldet. Wenn Sie eine andere Oberfl\u00e4chenbehandlung oder ein anderes Material bevorzugen, kontaktieren Sie uns, um Ihr eigenes Design zu gestalten!<\/li>\n<\/ul>\n<h3>Enth\u00e4lt<\/h3>\n<p>Tafelmesser, Essl\u00f6ffel, Tafelgabel, Teel\u00f6ffel, Dessertgabel, Eisteel\u00f6ffel, Mokkal\u00f6ffel<\/p>","protected":false},"featured_media":9151,"template":"","meta":{"inline_featured_image":false},"product_brand":[],"product_cat":[83],"product_tag":[],"class_list":{"0":"post-9149","1":"product","2":"type-product","3":"status-publish","4":"has-post-thumbnail","6":"product_cat-flatware-sets","7":"pa_stainless-steel-grades-13-0","8":"sales-flash-overlay","9":"woocommerce-text-align-left","10":"woocommerce-image-align-center","11":"do-quantity-buttons","12":"wc-has-gallery","14":"first","15":"instock","16":"shipping-taxable","17":"product-type-simple"},"_links":{"self":[{"href":"https:\/\/leeknives.com\/de\/wp-json\/wp\/v2\/product\/9149","targetHints":{"allow":["GET"]}}],"collection":[{"href":"https:\/\/leeknives.com\/de\/wp-json\/wp\/v2\/product"}],"about":[{"href":"https:\/\/leeknives.com\/de\/wp-json\/wp\/v2\/types\/product"}],"wp:featuredmedia":[{"embeddable":true,"href":"https:\/\/leeknives.com\/de\/wp-json\/wp\/v2\/media\/9151"}],"wp:attachment":[{"href":"https:\/\/leeknives.com\/de\/wp-json\/wp\/v2\/media?parent=9149"}],"wp:term":[{"taxonomy":"product_brand","embeddable":true,"href":"https:\/\/leeknives.com\/de\/wp-json\/wp\/v2\/product_brand?post=9149"},{"taxonomy":"product_cat","embeddable":true,"href":"https:\/\/leeknives.com\/de\/wp-json\/wp\/v2\/product_cat?post=9149"},{"taxonomy":"product_tag","embeddable":true,"href":"https:\/\/leeknives.com\/de\/wp-json\/wp\/v2\/product_tag?post=9149"}],"curies":[{"name":"wp","href":"https:\/\/api.w.org\/{rel}","templated":true}]}}