{"id":9162,"date":"2023-04-04T19:28:18","date_gmt":"2023-04-04T11:28:18","guid":{"rendered":"https:\/\/leeknives.com\/?post_type=product&#038;p=9162"},"modified":"2023-12-22T14:56:18","modified_gmt":"2023-12-22T06:56:18","slug":"bestecksets-lkfws10004","status":"publish","type":"product","link":"https:\/\/leeknives.com\/de\/products\/flatware-sets-lkfws10004\/","title":{"rendered":"2-teiliges Besteckset aus 18\/8 Edelstahl LKFWS10004"},"content":{"rendered":"","protected":false},"excerpt":{"rendered":"<h3>Hauptmerkmale<\/h3>\n<ul>\n<li>Hergestellt aus hochwertigem 18\/8-Edelstahl, der die Haltbarkeit und Langlebigkeit des Bestecksets gew\u00e4hrleistet.<\/li>\n<li>Das elegante Gold verleiht jeder Dessertpr\u00e4sentation einen Hauch von Raffinesse. Erh\u00e4ltlich in mehreren Grifffarben, sodass eine individuelle Gestaltung f\u00fcr jede Veranstaltung oder Gelegenheit m\u00f6glich ist.<\/li>\n<li>Ein luxuri\u00f6ses goldenes Design mit gl\u00e4nzender Oberfl\u00e4che, vergoldet. Wenn Sie eine andere Oberfl\u00e4chenbehandlung oder ein anderes Material bevorzugen, kontaktieren Sie uns, um Ihr eigenes Design zu gestalten!<\/li>\n<\/ul>\n<h3>Enth\u00e4lt<\/h3>\n<p>Dessertgabel, Dessertl\u00f6ffel<\/p>","protected":false},"featured_media":9164,"template":"","meta":{"inline_featured_image":false},"product_brand":[],"product_cat":[83],"product_tag":[],"class_list":{"0":"post-9162","1":"product","2":"type-product","3":"status-publish","4":"has-post-thumbnail","6":"product_cat-flatware-sets","7":"pa_stainless-steel-grades-18-8","8":"sales-flash-overlay","9":"woocommerce-text-align-left","10":"woocommerce-image-align-center","11":"do-quantity-buttons","12":"wc-has-gallery","14":"first","15":"instock","16":"shipping-taxable","17":"product-type-simple"},"_links":{"self":[{"href":"https:\/\/leeknives.com\/de\/wp-json\/wp\/v2\/product\/9162","targetHints":{"allow":["GET"]}}],"collection":[{"href":"https:\/\/leeknives.com\/de\/wp-json\/wp\/v2\/product"}],"about":[{"href":"https:\/\/leeknives.com\/de\/wp-json\/wp\/v2\/types\/product"}],"wp:featuredmedia":[{"embeddable":true,"href":"https:\/\/leeknives.com\/de\/wp-json\/wp\/v2\/media\/9164"}],"wp:attachment":[{"href":"https:\/\/leeknives.com\/de\/wp-json\/wp\/v2\/media?parent=9162"}],"wp:term":[{"taxonomy":"product_brand","embeddable":true,"href":"https:\/\/leeknives.com\/de\/wp-json\/wp\/v2\/product_brand?post=9162"},{"taxonomy":"product_cat","embeddable":true,"href":"https:\/\/leeknives.com\/de\/wp-json\/wp\/v2\/product_cat?post=9162"},{"taxonomy":"product_tag","embeddable":true,"href":"https:\/\/leeknives.com\/de\/wp-json\/wp\/v2\/product_tag?post=9162"}],"curies":[{"name":"wp","href":"https:\/\/api.w.org\/{rel}","templated":true}]}}