{"id":9169,"date":"2023-04-04T19:31:43","date_gmt":"2023-04-04T11:31:43","guid":{"rendered":"https:\/\/leeknives.com\/?post_type=product&#038;p=9169"},"modified":"2023-12-22T14:56:09","modified_gmt":"2023-12-22T06:56:09","slug":"bestecksets-lkfws10005","status":"publish","type":"product","link":"https:\/\/leeknives.com\/de\/products\/flatware-sets-lkfws10005\/","title":{"rendered":"6-teiliges Besteckset aus 18\/8 Edelstahl LKFWS10005"},"content":{"rendered":"","protected":false},"excerpt":{"rendered":"<h3>Hauptmerkmale<\/h3>\n<ul>\n<li>Der gl\u00e4nzende 18\/8-Edelstahl kombiniert mit dem Griff, der eine Holzmaserung imitiert. Das Set besticht durch ein modernes Design, das sicherlich der Star auf jedem Tisch sein wird.<\/li>\n<li>18\/8 Edelstahl ist von robuster Natur. Der zus\u00e4tzliche 8% Nickel bringt die Hitzebest\u00e4ndigkeit auf ein neues Niveau.<\/li>\n<li>Das Set ist individuell gestaltbar. Sie k\u00f6nnen es mit unterschiedlichen Oberfl\u00e4chenstrukturen, Verpackungen und Gravuren versehen.<\/li>\n<\/ul>\n<h3>Enth\u00e4lt<\/h3>\n<p>Men\u00fcmesser, Essl\u00f6ffel, Men\u00fcgabel, Dessertl\u00f6ffel, Dessertgabel, Teel\u00f6ffel<\/p>","protected":false},"featured_media":9171,"template":"","meta":{"inline_featured_image":false},"product_brand":[],"product_cat":[83],"product_tag":[],"class_list":{"0":"post-9169","1":"product","2":"type-product","3":"status-publish","4":"has-post-thumbnail","6":"product_cat-flatware-sets","7":"pa_stainless-steel-grades-18-8","8":"sales-flash-overlay","9":"woocommerce-text-align-left","10":"woocommerce-image-align-center","11":"do-quantity-buttons","12":"wc-has-gallery","14":"first","15":"instock","16":"shipping-taxable","17":"product-type-simple"},"_links":{"self":[{"href":"https:\/\/leeknives.com\/de\/wp-json\/wp\/v2\/product\/9169","targetHints":{"allow":["GET"]}}],"collection":[{"href":"https:\/\/leeknives.com\/de\/wp-json\/wp\/v2\/product"}],"about":[{"href":"https:\/\/leeknives.com\/de\/wp-json\/wp\/v2\/types\/product"}],"wp:featuredmedia":[{"embeddable":true,"href":"https:\/\/leeknives.com\/de\/wp-json\/wp\/v2\/media\/9171"}],"wp:attachment":[{"href":"https:\/\/leeknives.com\/de\/wp-json\/wp\/v2\/media?parent=9169"}],"wp:term":[{"taxonomy":"product_brand","embeddable":true,"href":"https:\/\/leeknives.com\/de\/wp-json\/wp\/v2\/product_brand?post=9169"},{"taxonomy":"product_cat","embeddable":true,"href":"https:\/\/leeknives.com\/de\/wp-json\/wp\/v2\/product_cat?post=9169"},{"taxonomy":"product_tag","embeddable":true,"href":"https:\/\/leeknives.com\/de\/wp-json\/wp\/v2\/product_tag?post=9169"}],"curies":[{"name":"wp","href":"https:\/\/api.w.org\/{rel}","templated":true}]}}