{"id":9183,"date":"2023-04-04T19:35:34","date_gmt":"2023-04-04T11:35:34","guid":{"rendered":"https:\/\/leeknives.com\/?post_type=product&#038;p=9183"},"modified":"2023-12-22T14:55:59","modified_gmt":"2023-12-22T06:55:59","slug":"bestecksets-lkfws10006","status":"publish","type":"product","link":"https:\/\/leeknives.com\/de\/products\/flatware-sets-lkfws10006\/","title":{"rendered":"Tragbares Besteckset aus 13\/0 Edelstahl LKFWS10006"},"content":{"rendered":"","protected":false},"excerpt":{"rendered":"<h3>Hauptmerkmale<\/h3>\n<ul>\n<li>Ein Set enth\u00e4lt neben den wichtigsten Geschirrteilen auch einzigartige Optionen wie ein Paar Essst\u00e4bchen, zwei Strohhalme, eine Reinigungsb\u00fcrste sowie eine Tragetasche.<\/li>\n<li>Ob Campingausflug oder Essen im Freien, das Set passt immer gut, wenn es die Situation erfordert.<\/li>\n<li>Das Besteck hat eine purpurrote, fast violette Farbe und eine gl\u00e4nzende Oberfl\u00e4che und liegt angenehm in der Hand.<\/li>\n<\/ul>\n<h3>Enth\u00e4lt<\/h3>\n<p>Tafelmesser, Essl\u00f6ffel, Tafelgabel, gerader Metallstrohhalm, gebogener Metallstrohhalm, Reinigungsb\u00fcrste, Tragetasche<\/p>","protected":false},"featured_media":9185,"template":"","meta":{"inline_featured_image":false},"product_brand":[],"product_cat":[83],"product_tag":[],"class_list":{"0":"post-9183","1":"product","2":"type-product","3":"status-publish","4":"has-post-thumbnail","6":"product_cat-flatware-sets","7":"pa_stainless-steel-grades-13-0","8":"sales-flash-overlay","9":"woocommerce-text-align-left","10":"woocommerce-image-align-center","11":"do-quantity-buttons","12":"wc-has-gallery","14":"first","15":"instock","16":"shipping-taxable","17":"product-type-simple"},"_links":{"self":[{"href":"https:\/\/leeknives.com\/de\/wp-json\/wp\/v2\/product\/9183","targetHints":{"allow":["GET"]}}],"collection":[{"href":"https:\/\/leeknives.com\/de\/wp-json\/wp\/v2\/product"}],"about":[{"href":"https:\/\/leeknives.com\/de\/wp-json\/wp\/v2\/types\/product"}],"wp:featuredmedia":[{"embeddable":true,"href":"https:\/\/leeknives.com\/de\/wp-json\/wp\/v2\/media\/9185"}],"wp:attachment":[{"href":"https:\/\/leeknives.com\/de\/wp-json\/wp\/v2\/media?parent=9183"}],"wp:term":[{"taxonomy":"product_brand","embeddable":true,"href":"https:\/\/leeknives.com\/de\/wp-json\/wp\/v2\/product_brand?post=9183"},{"taxonomy":"product_cat","embeddable":true,"href":"https:\/\/leeknives.com\/de\/wp-json\/wp\/v2\/product_cat?post=9183"},{"taxonomy":"product_tag","embeddable":true,"href":"https:\/\/leeknives.com\/de\/wp-json\/wp\/v2\/product_tag?post=9183"}],"curies":[{"name":"wp","href":"https:\/\/api.w.org\/{rel}","templated":true}]}}