{"id":9190,"date":"2023-04-04T19:38:27","date_gmt":"2023-04-04T11:38:27","guid":{"rendered":"https:\/\/leeknives.com\/?post_type=product&#038;p=9190"},"modified":"2023-12-22T14:55:50","modified_gmt":"2023-12-22T06:55:50","slug":"bestecksets-lkfws10008","status":"publish","type":"product","link":"https:\/\/leeknives.com\/de\/flatware-sets-lkfws10008\/","title":{"rendered":"6-teiliges Besteckset aus 18\/8 Edelstahl LKFWS10008"},"content":{"rendered":"","protected":false},"excerpt":{"rendered":"<h3>Hauptmerkmale<\/h3>\n<ul>\n<li>Zus\u00e4tzlich zur \u00fcblichen Kombination aus Messer, Gabel und L\u00f6ffel enth\u00e4lt das Set zwei weitere L\u00f6ffel f\u00fcr verschiedene Essensanl\u00e4sse. Und eine Dessertgabel.<\/li>\n<li>Robuster und zuverl\u00e4ssiger 18\/8 Edelstahl. Besteht, wie der Name schon sagt, aus 18% Chrom und 8% Nickel. Wirkt Wunder bei Hitze und t\u00e4glichem Gebrauch.<\/li>\n<li>Erh\u00e4ltlich in vier Farben: Gold, Ros\u00e9gold, Schwarz und Silber. Machen Sie das Set stilvoll und auff\u00e4llig!<\/li>\n<\/ul>\n<h3>Enth\u00e4lt<\/h3>\n<p>Men\u00fcmesser, Men\u00fcgabel, Essl\u00f6ffel, Suppenl\u00f6ffel, Dessertgabel, Teel\u00f6ffel<\/p>","protected":false},"featured_media":9192,"template":"","meta":{"inline_featured_image":false},"product_brand":[],"product_cat":[83],"product_tag":[],"class_list":{"0":"post-9190","1":"product","2":"type-product","3":"status-publish","4":"has-post-thumbnail","6":"product_cat-flatware-sets","7":"pa_stainless-steel-grades-18-8","8":"sales-flash-overlay","9":"woocommerce-text-align-left","10":"woocommerce-image-align-center","11":"do-quantity-buttons","12":"wc-has-gallery","14":"first","15":"instock","16":"shipping-taxable","17":"product-type-simple"},"_links":{"self":[{"href":"https:\/\/leeknives.com\/de\/wp-json\/wp\/v2\/product\/9190","targetHints":{"allow":["GET"]}}],"collection":[{"href":"https:\/\/leeknives.com\/de\/wp-json\/wp\/v2\/product"}],"about":[{"href":"https:\/\/leeknives.com\/de\/wp-json\/wp\/v2\/types\/product"}],"wp:featuredmedia":[{"embeddable":true,"href":"https:\/\/leeknives.com\/de\/wp-json\/wp\/v2\/media\/9192"}],"wp:attachment":[{"href":"https:\/\/leeknives.com\/de\/wp-json\/wp\/v2\/media?parent=9190"}],"wp:term":[{"taxonomy":"product_brand","embeddable":true,"href":"https:\/\/leeknives.com\/de\/wp-json\/wp\/v2\/product_brand?post=9190"},{"taxonomy":"product_cat","embeddable":true,"href":"https:\/\/leeknives.com\/de\/wp-json\/wp\/v2\/product_cat?post=9190"},{"taxonomy":"product_tag","embeddable":true,"href":"https:\/\/leeknives.com\/de\/wp-json\/wp\/v2\/product_tag?post=9190"}],"curies":[{"name":"wp","href":"https:\/\/api.w.org\/{rel}","templated":true}]}}