{"id":9205,"date":"2023-04-04T19:44:25","date_gmt":"2023-04-04T11:44:25","guid":{"rendered":"https:\/\/leeknives.com\/?post_type=product&#038;p=9205"},"modified":"2023-12-22T14:55:36","modified_gmt":"2023-12-22T06:55:36","slug":"bestecksets-lkfws10009","status":"publish","type":"product","link":"https:\/\/leeknives.com\/de\/products\/flatware-sets-lkfws10009\/","title":{"rendered":"5-teiliges Besteckset aus 18\/0 Edelstahl LKFWS10009"},"content":{"rendered":"","protected":false},"excerpt":{"rendered":"<h3>Hauptmerkmale<\/h3>\n<ul>\n<li>Ein komplettes 5-teiliges Besteckset mit allem, was Sie brauchen. Hergestellt aus 18\/0 Edelstahl, der eine lebenslange Haltbarkeit gew\u00e4hrleistet.<\/li>\n<li>Der 18\/0-Edelstahl sorgt daf\u00fcr, dass das Set gl\u00e4nzend und langlebig bleibt. Das Material ist au\u00dferdem sehr hitzebest\u00e4ndig.<\/li>\n<li>Minimalistischer Stahlkorpus mit Aufsatz am Griff in Holzoptik. Das Set ist sowohl in Gold als auch in Silber erh\u00e4ltlich.<\/li>\n<\/ul>\n<h3>Enth\u00e4lt<\/h3>\n<p>Tafelmesser, Tafelgabel, Essl\u00f6ffel, Teel\u00f6ffel, Schneckengabel<\/p>","protected":false},"featured_media":9207,"template":"","meta":{"inline_featured_image":false},"product_brand":[],"product_cat":[83],"product_tag":[],"class_list":{"0":"post-9205","1":"product","2":"type-product","3":"status-publish","4":"has-post-thumbnail","6":"product_cat-flatware-sets","7":"pa_stainless-steel-grades-18-0","8":"sales-flash-overlay","9":"woocommerce-text-align-left","10":"woocommerce-image-align-center","11":"do-quantity-buttons","12":"wc-has-gallery","14":"first","15":"instock","16":"shipping-taxable","17":"product-type-simple"},"_links":{"self":[{"href":"https:\/\/leeknives.com\/de\/wp-json\/wp\/v2\/product\/9205","targetHints":{"allow":["GET"]}}],"collection":[{"href":"https:\/\/leeknives.com\/de\/wp-json\/wp\/v2\/product"}],"about":[{"href":"https:\/\/leeknives.com\/de\/wp-json\/wp\/v2\/types\/product"}],"wp:featuredmedia":[{"embeddable":true,"href":"https:\/\/leeknives.com\/de\/wp-json\/wp\/v2\/media\/9207"}],"wp:attachment":[{"href":"https:\/\/leeknives.com\/de\/wp-json\/wp\/v2\/media?parent=9205"}],"wp:term":[{"taxonomy":"product_brand","embeddable":true,"href":"https:\/\/leeknives.com\/de\/wp-json\/wp\/v2\/product_brand?post=9205"},{"taxonomy":"product_cat","embeddable":true,"href":"https:\/\/leeknives.com\/de\/wp-json\/wp\/v2\/product_cat?post=9205"},{"taxonomy":"product_tag","embeddable":true,"href":"https:\/\/leeknives.com\/de\/wp-json\/wp\/v2\/product_tag?post=9205"}],"curies":[{"name":"wp","href":"https:\/\/api.w.org\/{rel}","templated":true}]}}