{"id":9216,"date":"2023-04-04T19:48:50","date_gmt":"2023-04-04T11:48:50","guid":{"rendered":"https:\/\/leeknives.com\/?post_type=product&#038;p=9216"},"modified":"2023-12-22T14:55:25","modified_gmt":"2023-12-22T06:55:25","slug":"bestecksets-lkfws10010","status":"publish","type":"product","link":"https:\/\/leeknives.com\/de\/products\/flatware-sets-lkfws10010\/","title":{"rendered":"4-teiliges Besteckset aus 13\/0 Edelstahl LKFWS10010"},"content":{"rendered":"","protected":false},"excerpt":{"rendered":"<h3>Hauptmerkmale<\/h3>\n<ul>\n<li>Zwei L\u00f6ffel, zwei Gabeln und ein Allzweck-Tafelmesser. Alles, was Sie f\u00fcr eine angemessene Tischdekoration brauchen.<\/li>\n<li>Edelstahl 13\/0 ist eines der beliebtesten Materialien f\u00fcr die Herstellung von Besteck. Es ist kosteng\u00fcnstig und im t\u00e4glichen Gebrauch unglaublich pflegeleicht.<\/li>\n<li>Es stehen bis zu vier Farbthemen zur Verf\u00fcgung. Kontaktieren Sie uns, um mehr \u00fcber die individuelle Gestaltung des Sets in verschiedenen Farben und Private-Label-Optionen zu erfahren.<\/li>\n<\/ul>\n<h3>Enth\u00e4lt<\/h3>\n<p>Tafelmesser, Tafelgabel, Essl\u00f6ffel, Mokkal\u00f6ffel, Dessertgabel, Teel\u00f6ffel<\/p>","protected":false},"featured_media":9219,"template":"","meta":{"inline_featured_image":false},"product_brand":[],"product_cat":[83],"product_tag":[],"class_list":{"0":"post-9216","1":"product","2":"type-product","3":"status-publish","4":"has-post-thumbnail","6":"product_cat-flatware-sets","7":"pa_stainless-steel-grades-13-0","8":"sales-flash-overlay","9":"woocommerce-text-align-left","10":"woocommerce-image-align-center","11":"do-quantity-buttons","12":"wc-has-gallery","14":"first","15":"instock","16":"shipping-taxable","17":"product-type-simple"},"_links":{"self":[{"href":"https:\/\/leeknives.com\/de\/wp-json\/wp\/v2\/product\/9216","targetHints":{"allow":["GET"]}}],"collection":[{"href":"https:\/\/leeknives.com\/de\/wp-json\/wp\/v2\/product"}],"about":[{"href":"https:\/\/leeknives.com\/de\/wp-json\/wp\/v2\/types\/product"}],"wp:featuredmedia":[{"embeddable":true,"href":"https:\/\/leeknives.com\/de\/wp-json\/wp\/v2\/media\/9219"}],"wp:attachment":[{"href":"https:\/\/leeknives.com\/de\/wp-json\/wp\/v2\/media?parent=9216"}],"wp:term":[{"taxonomy":"product_brand","embeddable":true,"href":"https:\/\/leeknives.com\/de\/wp-json\/wp\/v2\/product_brand?post=9216"},{"taxonomy":"product_cat","embeddable":true,"href":"https:\/\/leeknives.com\/de\/wp-json\/wp\/v2\/product_cat?post=9216"},{"taxonomy":"product_tag","embeddable":true,"href":"https:\/\/leeknives.com\/de\/wp-json\/wp\/v2\/product_tag?post=9216"}],"curies":[{"name":"wp","href":"https:\/\/api.w.org\/{rel}","templated":true}]}}