{"id":9226,"date":"2023-04-04T19:54:04","date_gmt":"2023-04-04T11:54:04","guid":{"rendered":"https:\/\/leeknives.com\/?post_type=product&#038;p=9226"},"modified":"2023-12-22T14:55:13","modified_gmt":"2023-12-22T06:55:13","slug":"bestecksets-lkfws10011","status":"publish","type":"product","link":"https:\/\/leeknives.com\/de\/products\/flatware-sets-lkfws10011\/","title":{"rendered":"5-teiliges Besteckset aus 18\/0 Edelstahl LKFWS10011"},"content":{"rendered":"","protected":false},"excerpt":{"rendered":"<h3>Hauptmerkmale<\/h3>\n<ul>\n<li>Das Set besteht aus hochwertigem 18\/0-Edelstahl. Diese Stahlsorte ist bekannt f\u00fcr ihre Festigkeit, Haltbarkeit und Korrosionsbest\u00e4ndigkeit. Sie ist au\u00dferdem lebensmittelecht und gibt keine sch\u00e4dlichen Chemikalien an Ihre Lebensmittel ab.<\/li>\n<li>Die Griffe des Bestecks liegen angenehm in der Hand. Sie sind au\u00dferdem f\u00fcr mehr Balance und Stabilit\u00e4t beschwert, sodass sie nicht aus der Hand rutschen.<\/li>\n<li>Passen Sie die Oberfl\u00e4che an Ihre Kunden an. Der Veredelungsprozess ist anpassbar, sogar die Verpackung und das Logo.<\/li>\n<\/ul>\n<h3>Enth\u00e4lt<\/h3>\n<p>Men\u00fcmesser, Men\u00fcgabel, Essl\u00f6ffel, Dessertgabel, Teel\u00f6ffel<\/p>","protected":false},"featured_media":9228,"template":"","meta":{"inline_featured_image":false},"product_brand":[],"product_cat":[83],"product_tag":[],"class_list":{"0":"post-9226","1":"product","2":"type-product","3":"status-publish","4":"has-post-thumbnail","6":"product_cat-flatware-sets","7":"pa_stainless-steel-grades-18-0","8":"sales-flash-overlay","9":"woocommerce-text-align-left","10":"woocommerce-image-align-center","11":"do-quantity-buttons","12":"wc-has-gallery","14":"first","15":"instock","16":"shipping-taxable","17":"product-type-simple"},"_links":{"self":[{"href":"https:\/\/leeknives.com\/de\/wp-json\/wp\/v2\/product\/9226","targetHints":{"allow":["GET"]}}],"collection":[{"href":"https:\/\/leeknives.com\/de\/wp-json\/wp\/v2\/product"}],"about":[{"href":"https:\/\/leeknives.com\/de\/wp-json\/wp\/v2\/types\/product"}],"wp:featuredmedia":[{"embeddable":true,"href":"https:\/\/leeknives.com\/de\/wp-json\/wp\/v2\/media\/9228"}],"wp:attachment":[{"href":"https:\/\/leeknives.com\/de\/wp-json\/wp\/v2\/media?parent=9226"}],"wp:term":[{"taxonomy":"product_brand","embeddable":true,"href":"https:\/\/leeknives.com\/de\/wp-json\/wp\/v2\/product_brand?post=9226"},{"taxonomy":"product_cat","embeddable":true,"href":"https:\/\/leeknives.com\/de\/wp-json\/wp\/v2\/product_cat?post=9226"},{"taxonomy":"product_tag","embeddable":true,"href":"https:\/\/leeknives.com\/de\/wp-json\/wp\/v2\/product_tag?post=9226"}],"curies":[{"name":"wp","href":"https:\/\/api.w.org\/{rel}","templated":true}]}}