{"id":9235,"date":"2023-04-04T19:56:05","date_gmt":"2023-04-04T11:56:05","guid":{"rendered":"https:\/\/leeknives.com\/?post_type=product&#038;p=9235"},"modified":"2023-12-22T14:55:00","modified_gmt":"2023-12-22T06:55:00","slug":"bestecksets-lkfws10012","status":"publish","type":"product","link":"https:\/\/leeknives.com\/de\/products\/flatware-sets-lkfws10012\/","title":{"rendered":"4-teiliges Besteckset aus 18\/8 Edelstahl LKFWS10012"},"content":{"rendered":"","protected":false},"excerpt":{"rendered":"<h3>Hauptmerkmale<\/h3>\n<ul>\n<li>Das Messer im Set ist speziell zum Tranchieren kleinerer Lebensmittel konzipiert und besteht aus rostfreiem 13\/0-Stahl, wodurch es sich vom Rest des Bestecks unterscheidet.<\/li>\n<li>Die Gabel und die beiden L\u00f6ffel bestehen aus 18\/8-Stahl. Ein Stahl mit hohem Chrom- und Nickelgehalt, der in puncto Hitzebest\u00e4ndigkeit und Haltbarkeit eine hohe Bewertung aufweist.<\/li>\n<li>Das Set hat ein schlichtes und modernes Design, das zu jedem Esstisch passt. Sie k\u00f6nnen zwischen t\u00fcrkisfarbenen oder rubinfarbenen Griffen w\u00e4hlen.<\/li>\n<\/ul>\n<h3>Enth\u00e4lt<\/h3>\n<p>Tafelmesser, Tafelgabel, Suppenl\u00f6ffel, Teel\u00f6ffel<\/p>","protected":false},"featured_media":9237,"template":"","meta":{"inline_featured_image":false},"product_brand":[],"product_cat":[83],"product_tag":[],"class_list":{"0":"post-9235","1":"product","2":"type-product","3":"status-publish","4":"has-post-thumbnail","6":"product_cat-flatware-sets","7":"pa_stainless-steel-grades-18-8","8":"sales-flash-overlay","9":"woocommerce-text-align-left","10":"woocommerce-image-align-center","11":"do-quantity-buttons","12":"wc-has-gallery","14":"first","15":"instock","16":"shipping-taxable","17":"product-type-simple"},"_links":{"self":[{"href":"https:\/\/leeknives.com\/de\/wp-json\/wp\/v2\/product\/9235","targetHints":{"allow":["GET"]}}],"collection":[{"href":"https:\/\/leeknives.com\/de\/wp-json\/wp\/v2\/product"}],"about":[{"href":"https:\/\/leeknives.com\/de\/wp-json\/wp\/v2\/types\/product"}],"wp:featuredmedia":[{"embeddable":true,"href":"https:\/\/leeknives.com\/de\/wp-json\/wp\/v2\/media\/9237"}],"wp:attachment":[{"href":"https:\/\/leeknives.com\/de\/wp-json\/wp\/v2\/media?parent=9235"}],"wp:term":[{"taxonomy":"product_brand","embeddable":true,"href":"https:\/\/leeknives.com\/de\/wp-json\/wp\/v2\/product_brand?post=9235"},{"taxonomy":"product_cat","embeddable":true,"href":"https:\/\/leeknives.com\/de\/wp-json\/wp\/v2\/product_cat?post=9235"},{"taxonomy":"product_tag","embeddable":true,"href":"https:\/\/leeknives.com\/de\/wp-json\/wp\/v2\/product_tag?post=9235"}],"curies":[{"name":"wp","href":"https:\/\/api.w.org\/{rel}","templated":true}]}}