{"id":9242,"date":"2023-04-04T19:58:58","date_gmt":"2023-04-04T11:58:58","guid":{"rendered":"https:\/\/leeknives.com\/?post_type=product&#038;p=9242"},"modified":"2023-12-22T14:54:48","modified_gmt":"2023-12-22T06:54:48","slug":"bestecksets-lkfws10013","status":"publish","type":"product","link":"https:\/\/leeknives.com\/de\/products\/flatware-sets-lkfws10013\/","title":{"rendered":"4-teiliges Besteckset aus 18\/8 Edelstahl LKFWS10013"},"content":{"rendered":"","protected":false},"excerpt":{"rendered":"<h3>Hauptmerkmale<\/h3>\n<ul>\n<li>Das Tafelmesser besteht aus 420er Edelstahl und hat eine pr\u00e4zise Schneide, mit der Sie m\u00fchelos Fleisch und Gem\u00fcse schneiden k\u00f6nnen. Die anderen Teile bestehen aus 18\/8-Edelstahl und liegen angenehm und gut in der Hand.<\/li>\n<li>Bedeckt mit einem goldenen, quadratischen Muster. Das elegante Aussehen ist das herausragende Merkmal des Designs.<\/li>\n<li>Verleihen Sie Ihrem Produkt durch individuelle Anpassungen des Sets das gewisse Etwas. Inklusive verschiedener Oberfl\u00e4chenbehandlungsmethoden.<\/li>\n<\/ul>\n<h3>Enth\u00e4lt<\/h3>\n<p>Tafelmesser, Tafelgabel, Essl\u00f6ffel, Teel\u00f6ffel<\/p>","protected":false},"featured_media":9244,"template":"","meta":{"inline_featured_image":false},"product_brand":[],"product_cat":[83],"product_tag":[],"class_list":{"0":"post-9242","1":"product","2":"type-product","3":"status-publish","4":"has-post-thumbnail","6":"product_cat-flatware-sets","7":"pa_stainless-steel-grades-18-8","8":"sales-flash-overlay","9":"woocommerce-text-align-left","10":"woocommerce-image-align-center","11":"do-quantity-buttons","12":"wc-has-gallery","14":"first","15":"instock","16":"shipping-taxable","17":"product-type-simple"},"_links":{"self":[{"href":"https:\/\/leeknives.com\/de\/wp-json\/wp\/v2\/product\/9242","targetHints":{"allow":["GET"]}}],"collection":[{"href":"https:\/\/leeknives.com\/de\/wp-json\/wp\/v2\/product"}],"about":[{"href":"https:\/\/leeknives.com\/de\/wp-json\/wp\/v2\/types\/product"}],"wp:featuredmedia":[{"embeddable":true,"href":"https:\/\/leeknives.com\/de\/wp-json\/wp\/v2\/media\/9244"}],"wp:attachment":[{"href":"https:\/\/leeknives.com\/de\/wp-json\/wp\/v2\/media?parent=9242"}],"wp:term":[{"taxonomy":"product_brand","embeddable":true,"href":"https:\/\/leeknives.com\/de\/wp-json\/wp\/v2\/product_brand?post=9242"},{"taxonomy":"product_cat","embeddable":true,"href":"https:\/\/leeknives.com\/de\/wp-json\/wp\/v2\/product_cat?post=9242"},{"taxonomy":"product_tag","embeddable":true,"href":"https:\/\/leeknives.com\/de\/wp-json\/wp\/v2\/product_tag?post=9242"}],"curies":[{"name":"wp","href":"https:\/\/api.w.org\/{rel}","templated":true}]}}