{"id":9268,"date":"2023-04-04T20:06:38","date_gmt":"2023-04-04T12:06:38","guid":{"rendered":"https:\/\/leeknives.com\/?post_type=product&#038;p=9268"},"modified":"2023-12-22T14:53:39","modified_gmt":"2023-12-22T06:53:39","slug":"bestecksets-lkfws10016","status":"publish","type":"product","link":"https:\/\/leeknives.com\/de\/products\/flatware-sets-lkfws10016\/","title":{"rendered":"4-teiliges Besteckset aus 13\/0 Edelstahl LKFWS10016"},"content":{"rendered":"","protected":false},"excerpt":{"rendered":"<h3>Hauptmerkmale<\/h3>\n<ul>\n<li>Der 13\/0-Edelstahl verleiht dem gesamten Set eine hervorragende Haltbarkeit. Dadurch sind sie langlebige Haushaltsgegenst\u00e4nde, die man aufbewahren und verwenden kann.<\/li>\n<li>Ein vielseitiges Set, das alle Ihre Essbed\u00fcrfnisse erf\u00fcllt. Die durchschnittliche Gr\u00f6\u00dfe betr\u00e4gt etwa 20 cm, sodass sie leichter zu transportieren sind.<\/li>\n<li>W\u00e4hlen Sie aus f\u00fcnf Farbvarianten! Individualisieren Sie das Set und passen Sie es an das Image Ihrer Marke an. Das Set erm\u00f6glicht auch die Gravur Ihres Logos.<\/li>\n<\/ul>\n<h3>Enth\u00e4lt<\/h3>\n<p>Men\u00fcmesser, Men\u00fcgabel, Dessertl\u00f6ffel, Essl\u00f6ffel<\/p>","protected":false},"featured_media":9270,"template":"","meta":{"inline_featured_image":false},"product_brand":[],"product_cat":[83],"product_tag":[],"class_list":{"0":"post-9268","1":"product","2":"type-product","3":"status-publish","4":"has-post-thumbnail","6":"product_cat-flatware-sets","7":"pa_stainless-steel-grades-13-0","8":"sales-flash-overlay","9":"woocommerce-text-align-left","10":"woocommerce-image-align-center","11":"do-quantity-buttons","12":"wc-has-gallery","14":"first","15":"instock","16":"shipping-taxable","17":"product-type-simple"},"_links":{"self":[{"href":"https:\/\/leeknives.com\/de\/wp-json\/wp\/v2\/product\/9268","targetHints":{"allow":["GET"]}}],"collection":[{"href":"https:\/\/leeknives.com\/de\/wp-json\/wp\/v2\/product"}],"about":[{"href":"https:\/\/leeknives.com\/de\/wp-json\/wp\/v2\/types\/product"}],"wp:featuredmedia":[{"embeddable":true,"href":"https:\/\/leeknives.com\/de\/wp-json\/wp\/v2\/media\/9270"}],"wp:attachment":[{"href":"https:\/\/leeknives.com\/de\/wp-json\/wp\/v2\/media?parent=9268"}],"wp:term":[{"taxonomy":"product_brand","embeddable":true,"href":"https:\/\/leeknives.com\/de\/wp-json\/wp\/v2\/product_brand?post=9268"},{"taxonomy":"product_cat","embeddable":true,"href":"https:\/\/leeknives.com\/de\/wp-json\/wp\/v2\/product_cat?post=9268"},{"taxonomy":"product_tag","embeddable":true,"href":"https:\/\/leeknives.com\/de\/wp-json\/wp\/v2\/product_tag?post=9268"}],"curies":[{"name":"wp","href":"https:\/\/api.w.org\/{rel}","templated":true}]}}