{"id":9279,"date":"2023-04-04T20:09:49","date_gmt":"2023-04-04T12:09:49","guid":{"rendered":"https:\/\/leeknives.com\/?post_type=product&#038;p=9279"},"modified":"2023-12-22T14:53:27","modified_gmt":"2023-12-22T06:53:27","slug":"bestecksets-lkfws10017","status":"publish","type":"product","link":"https:\/\/leeknives.com\/de\/products\/flatware-sets-lkfws10017\/","title":{"rendered":"24-teiliges Besteckset aus 13\/0 Edelstahl LKFWS10017"},"content":{"rendered":"","protected":false},"excerpt":{"rendered":"<h3>Hauptmerkmale<\/h3>\n<ul>\n<li>Ein luxuri\u00f6ses 24-teiliges Besteckset f\u00fcr kleine Zusammenk\u00fcnfte, das bis zu 6 Personen bedienen kann. Jede Person erh\u00e4lt eine Tafelgabel, ein Tafelmesser, einen Essl\u00f6ffel und einen Dessertl\u00f6ffel.<\/li>\n<li>Hergestellt aus 13\/0 Edelstahl. Der Name gibt an, dass der Stahl 13% Chrom enth\u00e4lt. Damit ist er eines der rostbest\u00e4ndigsten Materialien.<\/li>\n<li>Das Set kann individuell angepasst werden. Wir bieten Optionen f\u00fcr eine gl\u00e4nzende oder matte Oberfl\u00e4che, Farbbeschichtung, Logogravuren usw.<\/li>\n<\/ul>\n<h3>Enth\u00e4lt<\/h3>\n<p>Tafelmesser, Tafelgabel, Essl\u00f6ffel, Dessertl\u00f6ffel<\/p>","protected":false},"featured_media":9281,"template":"","meta":{"inline_featured_image":false},"product_brand":[],"product_cat":[83],"product_tag":[],"class_list":{"0":"post-9279","1":"product","2":"type-product","3":"status-publish","4":"has-post-thumbnail","6":"product_cat-flatware-sets","7":"pa_stainless-steel-grades-13-0","8":"sales-flash-overlay","9":"woocommerce-text-align-left","10":"woocommerce-image-align-center","11":"do-quantity-buttons","12":"wc-has-gallery","14":"first","15":"instock","16":"shipping-taxable","17":"product-type-simple"},"_links":{"self":[{"href":"https:\/\/leeknives.com\/de\/wp-json\/wp\/v2\/product\/9279","targetHints":{"allow":["GET"]}}],"collection":[{"href":"https:\/\/leeknives.com\/de\/wp-json\/wp\/v2\/product"}],"about":[{"href":"https:\/\/leeknives.com\/de\/wp-json\/wp\/v2\/types\/product"}],"wp:featuredmedia":[{"embeddable":true,"href":"https:\/\/leeknives.com\/de\/wp-json\/wp\/v2\/media\/9281"}],"wp:attachment":[{"href":"https:\/\/leeknives.com\/de\/wp-json\/wp\/v2\/media?parent=9279"}],"wp:term":[{"taxonomy":"product_brand","embeddable":true,"href":"https:\/\/leeknives.com\/de\/wp-json\/wp\/v2\/product_brand?post=9279"},{"taxonomy":"product_cat","embeddable":true,"href":"https:\/\/leeknives.com\/de\/wp-json\/wp\/v2\/product_cat?post=9279"},{"taxonomy":"product_tag","embeddable":true,"href":"https:\/\/leeknives.com\/de\/wp-json\/wp\/v2\/product_tag?post=9279"}],"curies":[{"name":"wp","href":"https:\/\/api.w.org\/{rel}","templated":true}]}}