{"id":9298,"date":"2023-04-04T20:27:38","date_gmt":"2023-04-04T12:27:38","guid":{"rendered":"https:\/\/leeknives.com\/?post_type=product&#038;p=9298"},"modified":"2023-12-22T14:53:10","modified_gmt":"2023-12-22T06:53:10","slug":"kochmesser-lkwck10001","status":"publish","type":"product","link":"https:\/\/leeknives.com\/de\/chef-knife-lkwck10001\/","title":{"rendered":"Damaszener-beschichtetes Kochmesser mit 10Cr15CoMoV G10-Griff, 185 mm, LKWCK10001"},"content":{"rendered":"","protected":false},"excerpt":{"rendered":"<h3>Hauptmerkmale<\/h3>\n<ul>\n<li>Wirbelndes Regentropfen-Damastmuster. Die Klinge weist eine au\u00dfergew\u00f6hnliche Leistung auf, die auf den harten 10Cr15CoMoV-Stahlkern und die Edelstahlummantelung zur\u00fcckzuf\u00fchren ist.<\/li>\n<li>Mit einer durchschnittlichen H\u00e4rte von 60 HRc und einer angemessenen Z\u00e4higkeit gilt das Messer als Allzweckklinge, die f\u00fcr die meisten Zutaten verwendet werden kann.<\/li>\n<li>Erleben Sie den Inbegriff von Eleganz und Komfort mit dem stabilisierten Holzgriff mit Ebenholzkragen und exquisiter Mosaikverzierung.<\/li>\n<\/ul>\n<h3>Gut f\u00fcr<\/h3>\n<p>Fleisch, Fisch, Gem\u00fcse, Obst, Kr\u00e4uter<\/p>","protected":false},"featured_media":9300,"template":"","meta":{"inline_featured_image":false},"product_brand":[],"product_cat":[53],"product_tag":[],"class_list":{"0":"post-9298","1":"product","2":"type-product","3":"status-publish","4":"has-post-thumbnail","6":"product_cat-chef-knives","7":"pa_blade-material-10cr15comov","8":"pa_blade-material-damascus-steel","9":"sales-flash-overlay","10":"woocommerce-text-align-left","11":"woocommerce-image-align-center","12":"do-quantity-buttons","13":"wc-has-gallery","15":"first","16":"instock","17":"shipping-taxable","18":"product-type-simple"},"_links":{"self":[{"href":"https:\/\/leeknives.com\/de\/wp-json\/wp\/v2\/product\/9298","targetHints":{"allow":["GET"]}}],"collection":[{"href":"https:\/\/leeknives.com\/de\/wp-json\/wp\/v2\/product"}],"about":[{"href":"https:\/\/leeknives.com\/de\/wp-json\/wp\/v2\/types\/product"}],"wp:featuredmedia":[{"embeddable":true,"href":"https:\/\/leeknives.com\/de\/wp-json\/wp\/v2\/media\/9300"}],"wp:attachment":[{"href":"https:\/\/leeknives.com\/de\/wp-json\/wp\/v2\/media?parent=9298"}],"wp:term":[{"taxonomy":"product_brand","embeddable":true,"href":"https:\/\/leeknives.com\/de\/wp-json\/wp\/v2\/product_brand?post=9298"},{"taxonomy":"product_cat","embeddable":true,"href":"https:\/\/leeknives.com\/de\/wp-json\/wp\/v2\/product_cat?post=9298"},{"taxonomy":"product_tag","embeddable":true,"href":"https:\/\/leeknives.com\/de\/wp-json\/wp\/v2\/product_tag?post=9298"}],"curies":[{"name":"wp","href":"https:\/\/api.w.org\/{rel}","templated":true}]}}