{"id":9308,"date":"2023-04-04T20:32:58","date_gmt":"2023-04-04T12:32:58","guid":{"rendered":"https:\/\/leeknives.com\/?post_type=product&#038;p=9308"},"modified":"2023-12-22T14:52:25","modified_gmt":"2023-12-22T06:52:25","slug":"kochmesser-lkwck10003","status":"publish","type":"product","link":"https:\/\/leeknives.com\/de\/chef-knife-lkwck10003\/","title":{"rendered":"Damaszener-beschichtetes Kochmesser mit 10Cr15CoMoV G10-Griff, 210 mm, LKWCK10003"},"content":{"rendered":"","protected":false},"excerpt":{"rendered":"<h3>Hauptmerkmale<\/h3>\n<ul>\n<li>Der Halbkropf sch\u00fctzt Ihre Finger und Handfl\u00e4chen optimal vor unerw\u00fcnschten Verletzungen. Gleichzeitig reicht der verschwei\u00dfte Kropf nicht bis zur Schneide, was das Sch\u00e4rfen des Messers erleichtert.<\/li>\n<li>Durch die Technik, langlebigen Edelstahl mit hartem 10Cr15MoV-Stahl zu beschichten, entstehen die Damaszenermuster. Dadurch wird auch die Leistung des Messers insgesamt verbessert.<\/li>\n<li>K\u00fcnstlicher G10-Griff mit Holzmuster. Das Messer verf\u00fcgt au\u00dferdem \u00fcber anpassbare Mosaike und drei verschiedene Farben.<\/li>\n<\/ul>\n<h3>Gut f\u00fcr<\/h3>\n<p>Fleisch, Fisch, Gem\u00fcse, Obst, Kr\u00e4uter<\/p>","protected":false},"featured_media":9310,"template":"","meta":{"inline_featured_image":false},"product_brand":[],"product_cat":[53],"product_tag":[],"class_list":{"0":"post-9308","1":"product","2":"type-product","3":"status-publish","4":"has-post-thumbnail","6":"product_cat-chef-knives","7":"pa_blade-material-10cr15comov","8":"pa_blade-material-damascus-steel","9":"sales-flash-overlay","10":"woocommerce-text-align-left","11":"woocommerce-image-align-center","12":"do-quantity-buttons","13":"wc-has-gallery","15":"first","16":"instock","17":"shipping-taxable","18":"product-type-simple"},"_links":{"self":[{"href":"https:\/\/leeknives.com\/de\/wp-json\/wp\/v2\/product\/9308","targetHints":{"allow":["GET"]}}],"collection":[{"href":"https:\/\/leeknives.com\/de\/wp-json\/wp\/v2\/product"}],"about":[{"href":"https:\/\/leeknives.com\/de\/wp-json\/wp\/v2\/types\/product"}],"wp:featuredmedia":[{"embeddable":true,"href":"https:\/\/leeknives.com\/de\/wp-json\/wp\/v2\/media\/9310"}],"wp:attachment":[{"href":"https:\/\/leeknives.com\/de\/wp-json\/wp\/v2\/media?parent=9308"}],"wp:term":[{"taxonomy":"product_brand","embeddable":true,"href":"https:\/\/leeknives.com\/de\/wp-json\/wp\/v2\/product_brand?post=9308"},{"taxonomy":"product_cat","embeddable":true,"href":"https:\/\/leeknives.com\/de\/wp-json\/wp\/v2\/product_cat?post=9308"},{"taxonomy":"product_tag","embeddable":true,"href":"https:\/\/leeknives.com\/de\/wp-json\/wp\/v2\/product_tag?post=9308"}],"curies":[{"name":"wp","href":"https:\/\/api.w.org\/{rel}","templated":true}]}}