{"id":9314,"date":"2023-04-04T20:35:33","date_gmt":"2023-04-04T12:35:33","guid":{"rendered":"https:\/\/leeknives.com\/?post_type=product&#038;p=9314"},"modified":"2023-12-22T14:41:56","modified_gmt":"2023-12-22T06:41:56","slug":"kochmesser-lkwck10005","status":"publish","type":"product","link":"https:\/\/leeknives.com\/de\/products\/chef-knife-lkwck10005\/","title":{"rendered":"5Cr15 Pakkawood Kochmesser 200 mm LKWCK10005"},"content":{"rendered":"","protected":false},"excerpt":{"rendered":"<h3>Hauptmerkmale<\/h3>\n<ul>\n<li>Erstklassiges, klassisches westliches Kochmesserdesign. Mit leicht gebogener Klinge und flachem R\u00fccken. Gut geeignet zum Zerkleinern der meisten g\u00e4ngigen Lebensmittel.<\/li>\n<li>F\u00fcr das Messer wurde rostfreier 5Cr15-Stahl verwendet, ein pflegeleichter, langlebiger und robuster Stahl, der Besch\u00e4digungen besser standh\u00e4lt.<\/li>\n<li>Pakkaholzgriffe mit Kropf, der mit der Klinge verbunden ist. Pakkaholz ist eine wasserabweisende, robuste und farbintensive Option, die sich ideal als Messergriff f\u00fcr den t\u00e4glichen Gebrauch eignet.<\/li>\n<\/ul>\n<h3>Gut f\u00fcr<\/h3>\n<p>Fleisch, Fisch, Gem\u00fcse, Obst, Kr\u00e4uter<\/p>","protected":false},"featured_media":9316,"template":"","meta":{"inline_featured_image":false},"product_brand":[],"product_cat":[53],"product_tag":[],"class_list":{"0":"post-9314","1":"product","2":"type-product","3":"status-publish","4":"has-post-thumbnail","6":"product_cat-chef-knives","7":"pa_blade-material-5cr15","8":"sales-flash-overlay","9":"woocommerce-text-align-left","10":"woocommerce-image-align-center","11":"do-quantity-buttons","12":"wc-has-gallery","14":"first","15":"instock","16":"shipping-taxable","17":"product-type-simple"},"_links":{"self":[{"href":"https:\/\/leeknives.com\/de\/wp-json\/wp\/v2\/product\/9314","targetHints":{"allow":["GET"]}}],"collection":[{"href":"https:\/\/leeknives.com\/de\/wp-json\/wp\/v2\/product"}],"about":[{"href":"https:\/\/leeknives.com\/de\/wp-json\/wp\/v2\/types\/product"}],"wp:featuredmedia":[{"embeddable":true,"href":"https:\/\/leeknives.com\/de\/wp-json\/wp\/v2\/media\/9316"}],"wp:attachment":[{"href":"https:\/\/leeknives.com\/de\/wp-json\/wp\/v2\/media?parent=9314"}],"wp:term":[{"taxonomy":"product_brand","embeddable":true,"href":"https:\/\/leeknives.com\/de\/wp-json\/wp\/v2\/product_brand?post=9314"},{"taxonomy":"product_cat","embeddable":true,"href":"https:\/\/leeknives.com\/de\/wp-json\/wp\/v2\/product_cat?post=9314"},{"taxonomy":"product_tag","embeddable":true,"href":"https:\/\/leeknives.com\/de\/wp-json\/wp\/v2\/product_tag?post=9314"}],"curies":[{"name":"wp","href":"https:\/\/api.w.org\/{rel}","templated":true}]}}