{"id":9326,"date":"2023-04-04T20:40:37","date_gmt":"2023-04-04T12:40:37","guid":{"rendered":"https:\/\/leeknives.com\/?post_type=product&#038;p=9326"},"modified":"2023-12-22T14:14:20","modified_gmt":"2023-12-22T06:14:20","slug":"kochmesser-lkwck10008","status":"publish","type":"product","link":"https:\/\/leeknives.com\/de\/chef-knife-lkwck10008\/","title":{"rendered":"Damaszener-beschichtetes Kochmesser mit 10Cr15CoMoV G10-Griff, 205 mm, LKWCK10008"},"content":{"rendered":"","protected":false},"excerpt":{"rendered":"<h3>Hauptmerkmale<\/h3>\n<ul>\n<li>Ein modernes schwarz-silbernes Design mit Fischgr\u00e4ten-Damastmuster. Um eine solche Klinge herzustellen, muss das Messer den Musterschwei\u00df-Schmiedeprozess durchlaufen.<\/li>\n<li>Durch die Anwendung der Stahllaminierungstechnik (Musterschwei\u00dfen) mit 10Cr15CoMoV und Edelstahl erreicht die Klinge eine beeindruckende H\u00e4rte von etwa 60 HRC, ohne ihre Z\u00e4higkeit zu beeintr\u00e4chtigen.<\/li>\n<li>Der Griff besteht aus G10, einem synthetischen Material, das schwer, unnachgiebig, bequem und extrem schwer zu brechen ist.<\/li>\n<\/ul>\n<h3>Gut f\u00fcr<\/h3>\n<p>Fleisch, Fisch, Gem\u00fcse, Obst, Kr\u00e4uter<\/p>","protected":false},"featured_media":9328,"template":"","meta":{"inline_featured_image":false},"product_brand":[],"product_cat":[53],"product_tag":[],"class_list":{"0":"post-9326","1":"product","2":"type-product","3":"status-publish","4":"has-post-thumbnail","6":"product_cat-chef-knives","7":"pa_blade-material-10cr15comov","8":"pa_blade-material-damascus-steel","9":"sales-flash-overlay","10":"woocommerce-text-align-left","11":"woocommerce-image-align-center","12":"do-quantity-buttons","13":"wc-has-gallery","15":"first","16":"instock","17":"shipping-taxable","18":"product-type-simple"},"_links":{"self":[{"href":"https:\/\/leeknives.com\/de\/wp-json\/wp\/v2\/product\/9326","targetHints":{"allow":["GET"]}}],"collection":[{"href":"https:\/\/leeknives.com\/de\/wp-json\/wp\/v2\/product"}],"about":[{"href":"https:\/\/leeknives.com\/de\/wp-json\/wp\/v2\/types\/product"}],"wp:featuredmedia":[{"embeddable":true,"href":"https:\/\/leeknives.com\/de\/wp-json\/wp\/v2\/media\/9328"}],"wp:attachment":[{"href":"https:\/\/leeknives.com\/de\/wp-json\/wp\/v2\/media?parent=9326"}],"wp:term":[{"taxonomy":"product_brand","embeddable":true,"href":"https:\/\/leeknives.com\/de\/wp-json\/wp\/v2\/product_brand?post=9326"},{"taxonomy":"product_cat","embeddable":true,"href":"https:\/\/leeknives.com\/de\/wp-json\/wp\/v2\/product_cat?post=9326"},{"taxonomy":"product_tag","embeddable":true,"href":"https:\/\/leeknives.com\/de\/wp-json\/wp\/v2\/product_tag?post=9326"}],"curies":[{"name":"wp","href":"https:\/\/api.w.org\/{rel}","templated":true}]}}