{"id":9331,"date":"2023-04-04T20:42:34","date_gmt":"2023-04-04T12:42:34","guid":{"rendered":"https:\/\/leeknives.com\/?post_type=product&#038;p=9331"},"modified":"2023-12-22T14:14:09","modified_gmt":"2023-12-22T06:14:09","slug":"kochmesser-lkwck10009","status":"publish","type":"product","link":"https:\/\/leeknives.com\/de\/chef-knife-lkwck10009\/","title":{"rendered":"Damaszener 10Cr15CoMoV Stabilisiertes Holz Kochmesser 205 mm LKWCK10009"},"content":{"rendered":"","protected":false},"excerpt":{"rendered":"<h3>Hauptmerkmale<\/h3>\n<ul>\n<li>Ein unkonventionelles Kochmesser ohne Kropfdesign, das das Tragen des Messers erleichtert und die Kontrolle erleichtert.<\/li>\n<li>Der Kern aus 10Cr15CoMoV und die rostfreie Au\u00dfenschicht garantieren dem Messer eine \u00fcberdurchschnittliche Festigkeit, H\u00e4rte und Widerstandsf\u00e4higkeit.<\/li>\n<li>Stabilisierte Holzgriffe sind extrem langlebig und hinterlassen kaum Einkerbungen. Der Griff beh\u00e4lt au\u00dferdem eine glatte Textur mit einem primitiven Holzdesign.<\/li>\n<\/ul>\n<h3>Gut f\u00fcr<\/h3>\n<p>Fleisch, Fisch, Gem\u00fcse, Obst, Kr\u00e4uter<\/p>","protected":false},"featured_media":9333,"template":"","meta":{"inline_featured_image":false},"product_brand":[],"product_cat":[53],"product_tag":[],"class_list":{"0":"post-9331","1":"product","2":"type-product","3":"status-publish","4":"has-post-thumbnail","6":"product_cat-chef-knives","7":"pa_blade-material-10cr15comov","8":"pa_blade-material-damascus-steel","9":"sales-flash-overlay","10":"woocommerce-text-align-left","11":"woocommerce-image-align-center","12":"do-quantity-buttons","13":"wc-has-gallery","15":"first","16":"instock","17":"shipping-taxable","18":"product-type-simple"},"_links":{"self":[{"href":"https:\/\/leeknives.com\/de\/wp-json\/wp\/v2\/product\/9331","targetHints":{"allow":["GET"]}}],"collection":[{"href":"https:\/\/leeknives.com\/de\/wp-json\/wp\/v2\/product"}],"about":[{"href":"https:\/\/leeknives.com\/de\/wp-json\/wp\/v2\/types\/product"}],"wp:featuredmedia":[{"embeddable":true,"href":"https:\/\/leeknives.com\/de\/wp-json\/wp\/v2\/media\/9333"}],"wp:attachment":[{"href":"https:\/\/leeknives.com\/de\/wp-json\/wp\/v2\/media?parent=9331"}],"wp:term":[{"taxonomy":"product_brand","embeddable":true,"href":"https:\/\/leeknives.com\/de\/wp-json\/wp\/v2\/product_brand?post=9331"},{"taxonomy":"product_cat","embeddable":true,"href":"https:\/\/leeknives.com\/de\/wp-json\/wp\/v2\/product_cat?post=9331"},{"taxonomy":"product_tag","embeddable":true,"href":"https:\/\/leeknives.com\/de\/wp-json\/wp\/v2\/product_tag?post=9331"}],"curies":[{"name":"wp","href":"https:\/\/api.w.org\/{rel}","templated":true}]}}