{"id":9341,"date":"2023-04-04T20:46:19","date_gmt":"2023-04-04T12:46:19","guid":{"rendered":"https:\/\/leeknives.com\/?post_type=product&#038;p=9341"},"modified":"2023-12-22T14:13:49","modified_gmt":"2023-12-22T06:13:49","slug":"kochmesser-lkwck10011","status":"publish","type":"product","link":"https:\/\/leeknives.com\/de\/chef-knife-lkwck10011\/","title":{"rendered":"Damast-beschichtetes 10Cr15CoMoV-Kochmesser aus Rosenholz, 205 mm LKWCK10011"},"content":{"rendered":"","protected":false},"excerpt":{"rendered":"<h3>Hauptmerkmale<\/h3>\n<ul>\n<li>Geschmiedet aus 10Cr15CoMoV und Edelstahl. Durch die Musterschwei\u00dftechnik haben wir eine kr\u00e4ftige Klinge geschaffen, die nicht nur eine H\u00e4rte von 60 HRC aufweist, sondern auch robust und langlebig ist.<\/li>\n<li>Das dunkle Rot strahlt vom Griff bis auf die Klinge und erg\u00e4nzt das ohnehin schon markante und komplexe Damastmuster. Das Messer ist ein echter Hingucker.<\/li>\n<li>Ergonomisch geformter Palisandergriff mit Mosaik-Dekorstift.<\/li>\n<\/ul>\n<h3>Gut f\u00fcr<\/h3>\n<p>Fleisch, Fisch, Gem\u00fcse, Obst, Kr\u00e4uter<\/p>","protected":false},"featured_media":9343,"template":"","meta":{"inline_featured_image":false},"product_brand":[],"product_cat":[53],"product_tag":[],"class_list":{"0":"post-9341","1":"product","2":"type-product","3":"status-publish","4":"has-post-thumbnail","6":"product_cat-chef-knives","7":"pa_blade-material-10cr15comov","8":"pa_blade-material-damascus-steel","9":"sales-flash-overlay","10":"woocommerce-text-align-left","11":"woocommerce-image-align-center","12":"do-quantity-buttons","13":"wc-has-gallery","15":"first","16":"instock","17":"shipping-taxable","18":"product-type-simple"},"_links":{"self":[{"href":"https:\/\/leeknives.com\/de\/wp-json\/wp\/v2\/product\/9341","targetHints":{"allow":["GET"]}}],"collection":[{"href":"https:\/\/leeknives.com\/de\/wp-json\/wp\/v2\/product"}],"about":[{"href":"https:\/\/leeknives.com\/de\/wp-json\/wp\/v2\/types\/product"}],"wp:featuredmedia":[{"embeddable":true,"href":"https:\/\/leeknives.com\/de\/wp-json\/wp\/v2\/media\/9343"}],"wp:attachment":[{"href":"https:\/\/leeknives.com\/de\/wp-json\/wp\/v2\/media?parent=9341"}],"wp:term":[{"taxonomy":"product_brand","embeddable":true,"href":"https:\/\/leeknives.com\/de\/wp-json\/wp\/v2\/product_brand?post=9341"},{"taxonomy":"product_cat","embeddable":true,"href":"https:\/\/leeknives.com\/de\/wp-json\/wp\/v2\/product_cat?post=9341"},{"taxonomy":"product_tag","embeddable":true,"href":"https:\/\/leeknives.com\/de\/wp-json\/wp\/v2\/product_tag?post=9341"}],"curies":[{"name":"wp","href":"https:\/\/api.w.org\/{rel}","templated":true}]}}