{"id":9346,"date":"2023-04-04T20:48:17","date_gmt":"2023-04-04T12:48:17","guid":{"rendered":"https:\/\/leeknives.com\/?post_type=product&#038;p=9346"},"modified":"2023-12-22T14:13:39","modified_gmt":"2023-12-22T06:13:39","slug":"kochmesser-lkwck10012","status":"publish","type":"product","link":"https:\/\/leeknives.com\/de\/products\/chef-knife-lkwck10012\/","title":{"rendered":"Damaszener-beschichtetes Kochmesser mit 10Cr15CoMoV G10-Griff, 200 mm, LKWCK10012"},"content":{"rendered":"","protected":false},"excerpt":{"rendered":"<h3>Hauptmerkmale<\/h3>\n<ul>\n<li>Der Kern der Klinge besteht aus kohlenstoffreichem Edelstahl 10Cr15CoMoV. Hochwertiger Stahl mit hoher H\u00e4rte, der hervorragend scharf bleibt und Rost abwehrt.<\/li>\n<li>Rostfreie Schichten neben dem Kern gleichen die mangelnde Haltbarkeit aus. Die Technik, verschiedene Stahlbl\u00f6cke gleichzeitig zusammenzuf\u00fcgen, erzeugt eine insgesamt \u00fcberlegene Klinge.<\/li>\n<li>Abgerundet wird das Ganze durch einen G10-Griff, der Komfort und Sicherheit bietet.<\/li>\n<\/ul>\n<h3>Gut f\u00fcr<\/h3>\n<p>Fleisch, Fisch, Gem\u00fcse, Obst, Kr\u00e4uter<\/p>","protected":false},"featured_media":9348,"template":"","meta":{"inline_featured_image":false},"product_brand":[],"product_cat":[53],"product_tag":[],"class_list":{"0":"post-9346","1":"product","2":"type-product","3":"status-publish","4":"has-post-thumbnail","6":"product_cat-chef-knives","7":"pa_blade-material-10cr15comov","8":"pa_blade-material-damascus-steel","9":"sales-flash-overlay","10":"woocommerce-text-align-left","11":"woocommerce-image-align-center","12":"do-quantity-buttons","13":"wc-has-gallery","15":"first","16":"instock","17":"shipping-taxable","18":"product-type-simple"},"_links":{"self":[{"href":"https:\/\/leeknives.com\/de\/wp-json\/wp\/v2\/product\/9346","targetHints":{"allow":["GET"]}}],"collection":[{"href":"https:\/\/leeknives.com\/de\/wp-json\/wp\/v2\/product"}],"about":[{"href":"https:\/\/leeknives.com\/de\/wp-json\/wp\/v2\/types\/product"}],"wp:featuredmedia":[{"embeddable":true,"href":"https:\/\/leeknives.com\/de\/wp-json\/wp\/v2\/media\/9348"}],"wp:attachment":[{"href":"https:\/\/leeknives.com\/de\/wp-json\/wp\/v2\/media?parent=9346"}],"wp:term":[{"taxonomy":"product_brand","embeddable":true,"href":"https:\/\/leeknives.com\/de\/wp-json\/wp\/v2\/product_brand?post=9346"},{"taxonomy":"product_cat","embeddable":true,"href":"https:\/\/leeknives.com\/de\/wp-json\/wp\/v2\/product_cat?post=9346"},{"taxonomy":"product_tag","embeddable":true,"href":"https:\/\/leeknives.com\/de\/wp-json\/wp\/v2\/product_tag?post=9346"}],"curies":[{"name":"wp","href":"https:\/\/api.w.org\/{rel}","templated":true}]}}