{"id":9351,"date":"2023-04-04T20:50:14","date_gmt":"2023-04-04T12:50:14","guid":{"rendered":"https:\/\/leeknives.com\/?post_type=product&#038;p=9351"},"modified":"2023-12-22T14:13:24","modified_gmt":"2023-12-22T06:13:24","slug":"kochmesser-lkwck10013","status":"publish","type":"product","link":"https:\/\/leeknives.com\/de\/chef-knife-lkwck10013\/","title":{"rendered":"Damaszener 10Cr15CoMoV Pakkaholz Kochmesser 205 mm LKWCK10013"},"content":{"rendered":"","protected":false},"excerpt":{"rendered":"<h3>Hauptmerkmale<\/h3>\n<ul>\n<li>Die Klinge wurde durch das \u00dcbereinanderschichten verschiedener Stahlschichten mit unterschiedlichen Eigenschaften geschmiedet und vereinte die Vorteile beider Welten: Sie ist scharf mit einer H\u00e4rte von 60 HRC, strapazierf\u00e4hig und wartungsarm.<\/li>\n<li>Der geschwei\u00dfte Kropf dient als Fingerschutz. Er bedeckt nur die H\u00e4lfte des Klingenendes und f\u00fcgt dem Messer dadurch nur minimales Gewicht hinzu.<\/li>\n<li>Das T\u00fcpfelchen auf dem i ist der Griff aus Pakkaholz. Ein synthetisches Material, das die Welt der Messerherstellung im Sturm erobert hat. Es ist eine umweltfreundliche Option, die die Textur von echtem Holz imitiert, aber dem t\u00e4glichen Verschlei\u00df standh\u00e4lt.<\/li>\n<\/ul>\n<h3>Gut f\u00fcr<\/h3>\n<p>Fleisch, Fisch, Gem\u00fcse, Obst, Kr\u00e4uter<\/p>","protected":false},"featured_media":9353,"template":"","meta":{"inline_featured_image":false},"product_brand":[],"product_cat":[53],"product_tag":[],"class_list":{"0":"post-9351","1":"product","2":"type-product","3":"status-publish","4":"has-post-thumbnail","6":"product_cat-chef-knives","7":"pa_blade-material-10cr15comov","8":"pa_blade-material-damascus-steel","9":"sales-flash-overlay","10":"woocommerce-text-align-left","11":"woocommerce-image-align-center","12":"do-quantity-buttons","13":"wc-has-gallery","15":"first","16":"instock","17":"shipping-taxable","18":"product-type-simple"},"_links":{"self":[{"href":"https:\/\/leeknives.com\/de\/wp-json\/wp\/v2\/product\/9351","targetHints":{"allow":["GET"]}}],"collection":[{"href":"https:\/\/leeknives.com\/de\/wp-json\/wp\/v2\/product"}],"about":[{"href":"https:\/\/leeknives.com\/de\/wp-json\/wp\/v2\/types\/product"}],"wp:featuredmedia":[{"embeddable":true,"href":"https:\/\/leeknives.com\/de\/wp-json\/wp\/v2\/media\/9353"}],"wp:attachment":[{"href":"https:\/\/leeknives.com\/de\/wp-json\/wp\/v2\/media?parent=9351"}],"wp:term":[{"taxonomy":"product_brand","embeddable":true,"href":"https:\/\/leeknives.com\/de\/wp-json\/wp\/v2\/product_brand?post=9351"},{"taxonomy":"product_cat","embeddable":true,"href":"https:\/\/leeknives.com\/de\/wp-json\/wp\/v2\/product_cat?post=9351"},{"taxonomy":"product_tag","embeddable":true,"href":"https:\/\/leeknives.com\/de\/wp-json\/wp\/v2\/product_tag?post=9351"}],"curies":[{"name":"wp","href":"https:\/\/api.w.org\/{rel}","templated":true}]}}