{"id":9356,"date":"2023-04-04T20:51:59","date_gmt":"2023-04-04T12:51:59","guid":{"rendered":"https:\/\/leeknives.com\/?post_type=product&#038;p=9356"},"modified":"2023-12-22T13:53:31","modified_gmt":"2023-12-22T05:53:31","slug":"kochmesser-lkwck10014","status":"publish","type":"product","link":"https:\/\/leeknives.com\/de\/chef-knife-lkwck10014\/","title":{"rendered":"Damastbeschichtetes 10Cr15CoMoV Pakkaholz-Kochmesser 205 mm LKWCK10014"},"content":{"rendered":"","protected":false},"excerpt":{"rendered":"<h3>Hauptmerkmale<\/h3>\n<ul>\n<li>Das Kochmesser mit Doppelschliff eignet sich gut zum feinen Schneiden von Gem\u00fcse und Fisch und ist auch hervorragend zum Zerlegen von Fleisch geeignet.<\/li>\n<li>Die aus mehreren St\u00e4hlen gefertigte Klinge schneidet mit dem scharfen Kern aus 10Cr15CoMoV und wird durch den rostfreien Stahl vor Besch\u00e4digungen gesch\u00fctzt.<\/li>\n<li>Der Griff besteht aus Pakkaholz als Grundmaterial. Im Vergleich zu echtem Holz ist dies eine g\u00fcnstigere Alternative, die jedoch eine ausreichende Haltbarkeit gew\u00e4hrleistet.<\/li>\n<\/ul>\n<h3>Gut f\u00fcr<\/h3>\n<p>Fleisch, Fisch, Gem\u00fcse, Obst, Kr\u00e4uter<\/p>","protected":false},"featured_media":9358,"template":"","meta":{"inline_featured_image":false},"product_brand":[],"product_cat":[53],"product_tag":[],"class_list":{"0":"post-9356","1":"product","2":"type-product","3":"status-publish","4":"has-post-thumbnail","6":"product_cat-chef-knives","7":"pa_blade-material-10cr15comov","8":"pa_blade-material-damascus-steel","9":"sales-flash-overlay","10":"woocommerce-text-align-left","11":"woocommerce-image-align-center","12":"do-quantity-buttons","13":"wc-has-gallery","15":"first","16":"instock","17":"shipping-taxable","18":"product-type-simple"},"_links":{"self":[{"href":"https:\/\/leeknives.com\/de\/wp-json\/wp\/v2\/product\/9356","targetHints":{"allow":["GET"]}}],"collection":[{"href":"https:\/\/leeknives.com\/de\/wp-json\/wp\/v2\/product"}],"about":[{"href":"https:\/\/leeknives.com\/de\/wp-json\/wp\/v2\/types\/product"}],"wp:featuredmedia":[{"embeddable":true,"href":"https:\/\/leeknives.com\/de\/wp-json\/wp\/v2\/media\/9358"}],"wp:attachment":[{"href":"https:\/\/leeknives.com\/de\/wp-json\/wp\/v2\/media?parent=9356"}],"wp:term":[{"taxonomy":"product_brand","embeddable":true,"href":"https:\/\/leeknives.com\/de\/wp-json\/wp\/v2\/product_brand?post=9356"},{"taxonomy":"product_cat","embeddable":true,"href":"https:\/\/leeknives.com\/de\/wp-json\/wp\/v2\/product_cat?post=9356"},{"taxonomy":"product_tag","embeddable":true,"href":"https:\/\/leeknives.com\/de\/wp-json\/wp\/v2\/product_tag?post=9356"}],"curies":[{"name":"wp","href":"https:\/\/api.w.org\/{rel}","templated":true}]}}